{"id":5909,"date":"2026-05-07T10:11:23","date_gmt":"2026-05-07T13:11:23","guid":{"rendered":"https:\/\/telfio.com.br\/?post_type=product&#038;p=5909"},"modified":"2026-05-07T10:18:57","modified_gmt":"2026-05-07T13:18:57","slug":"rack-outdoor-19","status":"publish","type":"product","link":"https:\/\/telfio.com.br\/?product=rack-outdoor-19","title":{"rendered":"Rack Outdoor 19&#8243;"},"content":{"rendered":"","protected":false},"excerpt":{"rendered":"<pre class=\"font_0 wixui-rich-text__text\"><span class=\"wixui-rich-text__text\">Os Racks 19\" Outdoor \r\nt\u00eam a fun\u00e7\u00e3o de proteger seus equipamentos de TI, CFTV e el\u00e9tricos em ambientes externos com seguran\u00e7a, pois ele \u00e9 resistente a chuvas e poeira.<\/span><\/pre>\n<p>Fixa\u00e7\u00e3o em postes<\/p>\n<p>Capacidade de carga 100 kg<\/p>\n<p>Suporte toda a linha de acess\u00f3rios 19&#8243;<\/p>\n<p class=\"font_8 wixui-rich-text__text\"><span class=\"wixui-rich-text__text\">Alturas dispon\u00edveis<\/span><\/p>\n<p class=\"font_8 wixui-rich-text__text\"><span class=\"wixui-rich-text__text\">06U | 08U | 10U | 12U | 16U<\/span><\/p>\n<p class=\"font_8 wixui-rich-text__text\"><span class=\"wixui-rich-text__text\">Profundidades Dispon\u00edveis:<\/span><\/p>\n<p class=\"font_8 wixui-rich-text__text\"><span class=\"wixui-rich-text__text\">270 | 370 | 470 mm<\/span><\/p>\n","protected":false},"featured_media":5910,"comment_status":"open","ping_status":"closed","template":"","meta":{"_joinchat":[]},"product_brand":[],"product_cat":[19],"product_tag":[],"class_list":{"0":"post-5909","1":"product","2":"type-product","3":"status-publish","4":"has-post-thumbnail","6":"product_cat-diversos","8":"first","9":"instock","10":"shipping-taxable","11":"product-type-simple"},"_links":{"self":[{"href":"https:\/\/telfio.com.br\/index.php?rest_route=\/wp\/v2\/product\/5909","targetHints":{"allow":["GET"]}}],"collection":[{"href":"https:\/\/telfio.com.br\/index.php?rest_route=\/wp\/v2\/product"}],"about":[{"href":"https:\/\/telfio.com.br\/index.php?rest_route=\/wp\/v2\/types\/product"}],"replies":[{"embeddable":true,"href":"https:\/\/telfio.com.br\/index.php?rest_route=%2Fwp%2Fv2%2Fcomments&post=5909"}],"wp:featuredmedia":[{"embeddable":true,"href":"https:\/\/telfio.com.br\/index.php?rest_route=\/wp\/v2\/media\/5910"}],"wp:attachment":[{"href":"https:\/\/telfio.com.br\/index.php?rest_route=%2Fwp%2Fv2%2Fmedia&parent=5909"}],"wp:term":[{"taxonomy":"product_brand","embeddable":true,"href":"https:\/\/telfio.com.br\/index.php?rest_route=%2Fwp%2Fv2%2Fproduct_brand&post=5909"},{"taxonomy":"product_cat","embeddable":true,"href":"https:\/\/telfio.com.br\/index.php?rest_route=%2Fwp%2Fv2%2Fproduct_cat&post=5909"},{"taxonomy":"product_tag","embeddable":true,"href":"https:\/\/telfio.com.br\/index.php?rest_route=%2Fwp%2Fv2%2Fproduct_tag&post=5909"}],"curies":[{"name":"wp","href":"https:\/\/api.w.org\/{rel}","templated":true}]}}