{"id":5905,"date":"2026-04-28T16:22:26","date_gmt":"2026-04-28T19:22:26","guid":{"rendered":"https:\/\/telfio.com.br\/?post_type=product&#038;p=5905"},"modified":"2026-04-28T16:33:18","modified_gmt":"2026-04-28T19:33:18","slug":"cordoalha-de-aco","status":"publish","type":"product","link":"https:\/\/telfio.com.br\/?product=cordoalha-de-aco","title":{"rendered":"Cordoalha de a\u00e7o"},"content":{"rendered":"","protected":false},"excerpt":{"rendered":"<p><span data-subtree=\"aimfl,mfl\">A cordoalha 07 fios, geralmente galvanizada a fogo,\u00a0<\/span><mark class=\"HxTRcb\" data-sfc-root=\"c\" data-sfc-cb=\"\">\u00e9 um cabo de a\u00e7o de alta resist\u00eancia composto por um fio central e seis helicoidais<\/mark>. Amplamente utilizada na telefonia e redes de dados, serve para o estaiamento (ancoragem) de postes e como mensageiro (sustenta\u00e7\u00e3o) de cabos de fibra \u00f3tica ou telef\u00f4nicos<\/p>\n","protected":false},"featured_media":5906,"comment_status":"open","ping_status":"closed","template":"","meta":{"_joinchat":[]},"product_brand":[],"product_cat":[19],"product_tag":[],"class_list":{"0":"post-5905","1":"product","2":"type-product","3":"status-publish","4":"has-post-thumbnail","6":"product_cat-diversos","8":"first","9":"instock","10":"shipping-taxable","11":"product-type-simple"},"_links":{"self":[{"href":"https:\/\/telfio.com.br\/index.php?rest_route=\/wp\/v2\/product\/5905","targetHints":{"allow":["GET"]}}],"collection":[{"href":"https:\/\/telfio.com.br\/index.php?rest_route=\/wp\/v2\/product"}],"about":[{"href":"https:\/\/telfio.com.br\/index.php?rest_route=\/wp\/v2\/types\/product"}],"replies":[{"embeddable":true,"href":"https:\/\/telfio.com.br\/index.php?rest_route=%2Fwp%2Fv2%2Fcomments&post=5905"}],"wp:featuredmedia":[{"embeddable":true,"href":"https:\/\/telfio.com.br\/index.php?rest_route=\/wp\/v2\/media\/5906"}],"wp:attachment":[{"href":"https:\/\/telfio.com.br\/index.php?rest_route=%2Fwp%2Fv2%2Fmedia&parent=5905"}],"wp:term":[{"taxonomy":"product_brand","embeddable":true,"href":"https:\/\/telfio.com.br\/index.php?rest_route=%2Fwp%2Fv2%2Fproduct_brand&post=5905"},{"taxonomy":"product_cat","embeddable":true,"href":"https:\/\/telfio.com.br\/index.php?rest_route=%2Fwp%2Fv2%2Fproduct_cat&post=5905"},{"taxonomy":"product_tag","embeddable":true,"href":"https:\/\/telfio.com.br\/index.php?rest_route=%2Fwp%2Fv2%2Fproduct_tag&post=5905"}],"curies":[{"name":"wp","href":"https:\/\/api.w.org\/{rel}","templated":true}]}}