{"id":5892,"date":"2026-01-06T15:19:23","date_gmt":"2026-01-06T18:19:23","guid":{"rendered":"https:\/\/telfio.com.br\/?post_type=product&#038;p=5892"},"modified":"2026-01-06T16:10:28","modified_gmt":"2026-01-06T19:10:28","slug":"fecho-liso-ou-selo-vr-3-4-aco-inox-304","status":"publish","type":"product","link":"https:\/\/telfio.com.br\/?product=fecho-liso-ou-selo-vr-3-4-aco-inox-304","title":{"rendered":"Fecho Liso ou Selo VR 3\/4 a\u00e7o inox 304"},"content":{"rendered":"","protected":false},"excerpt":{"rendered":"<div class=\"col-md-4 col-sm-12 text-med\">Utilizado com as fitas de amarra\u00e7\u00e3o.Pode segurar uma volta simples ou dupla.\u00c9 recomendado para fitas revestidas.Fitas e abra\u00e7adeiras podem ser formadas em qualquer superf\u00edcie.Fabricada em a\u00e7o inox\u00a0 304.Largura 3\/4 ( 19mm)<\/div>\n","protected":false},"featured_media":5893,"comment_status":"open","ping_status":"closed","template":"","meta":{"_joinchat":[]},"product_brand":[],"product_cat":[20],"product_tag":[],"class_list":{"0":"post-5892","1":"product","2":"type-product","3":"status-publish","4":"has-post-thumbnail","6":"product_cat-ferragens","8":"first","9":"instock","10":"shipping-taxable","11":"product-type-simple"},"_links":{"self":[{"href":"https:\/\/telfio.com.br\/index.php?rest_route=\/wp\/v2\/product\/5892","targetHints":{"allow":["GET"]}}],"collection":[{"href":"https:\/\/telfio.com.br\/index.php?rest_route=\/wp\/v2\/product"}],"about":[{"href":"https:\/\/telfio.com.br\/index.php?rest_route=\/wp\/v2\/types\/product"}],"replies":[{"embeddable":true,"href":"https:\/\/telfio.com.br\/index.php?rest_route=%2Fwp%2Fv2%2Fcomments&post=5892"}],"wp:featuredmedia":[{"embeddable":true,"href":"https:\/\/telfio.com.br\/index.php?rest_route=\/wp\/v2\/media\/5893"}],"wp:attachment":[{"href":"https:\/\/telfio.com.br\/index.php?rest_route=%2Fwp%2Fv2%2Fmedia&parent=5892"}],"wp:term":[{"taxonomy":"product_brand","embeddable":true,"href":"https:\/\/telfio.com.br\/index.php?rest_route=%2Fwp%2Fv2%2Fproduct_brand&post=5892"},{"taxonomy":"product_cat","embeddable":true,"href":"https:\/\/telfio.com.br\/index.php?rest_route=%2Fwp%2Fv2%2Fproduct_cat&post=5892"},{"taxonomy":"product_tag","embeddable":true,"href":"https:\/\/telfio.com.br\/index.php?rest_route=%2Fwp%2Fv2%2Fproduct_tag&post=5892"}],"curies":[{"name":"wp","href":"https:\/\/api.w.org\/{rel}","templated":true}]}}