{"id":5885,"date":"2025-12-22T14:52:39","date_gmt":"2025-12-22T17:52:39","guid":{"rendered":"https:\/\/telfio.com.br\/?post_type=product&#038;p=5885"},"modified":"2025-12-22T15:16:27","modified_gmt":"2025-12-22T18:16:27","slug":"mini-dio-12fo-sc-apc","status":"publish","type":"product","link":"https:\/\/telfio.com.br\/?product=mini-dio-12fo-sc-apc","title":{"rendered":"Mini DIO 12fo SC APC"},"content":{"rendered":"","protected":false},"excerpt":{"rendered":"<p>MINI DIO 12FO COMPLETO SC (polimento APC) MONOMODO<\/p>\n<p>Kit com: ( 1 ) unidade &#8211; MINI DIO em a\u00e7o 12 FO Preto ( 12 ) unidades &#8211; ACOPLADOR \u00d3PTICO SC\/SC APC SIMPLEX SM ( 12 ) unidades &#8211; EXTENSAO OPTICA PIGTAIL-SIMPLEX-SM-SC\/APC 1,5M 0,9MM Utilizado para acomodar e proteger as emendas \u00f3pticas de transi\u00e7\u00e3o entre o cabo e os pig-tails. MEDIDAS: Altura: 37,50mm; Largura: 132,70mm; Profundidade: 204,80mm; CARACTER\u00cdSTICAS: \u2022 Estrutura em a\u00e7o SAE1010(0,90mm) \u2022 Tampa em a\u00e7o SAE1010(0,75mm) \u2022 Painel p\/ acomoda\u00e7\u00e3o dos adaptadores \u00f3pticos em a\u00e7o SAE 1010 (1,20)mm \u2022<\/p>\n<p>Bandeja para acomoda\u00e7\u00e3o das emendas a\u00e7o SAE 1010(0,75mm) \u2022 Protetores de emenda \u2022 Abra\u00e7adeiras para fixa\u00e7\u00e3o dos cabos \u2022 Kit para fixa\u00e7\u00e3o na parede \u2022 Pintura: ep\u00f3xi p\u00f3 preto texturizado<\/p>\n<p>Op\u00e7\u00f5es MINI DIO<\/p>\n<p>sc apc, sc upc 06 fo e 12 fo<\/p>\n<p>&nbsp;<\/p>\n","protected":false},"featured_media":5886,"comment_status":"open","ping_status":"closed","template":"","meta":{"_joinchat":[]},"product_brand":[],"product_cat":[73],"product_tag":[],"class_list":{"0":"post-5885","1":"product","2":"type-product","3":"status-publish","4":"has-post-thumbnail","6":"product_cat-fibra","8":"first","9":"instock","10":"shipping-taxable","11":"product-type-simple"},"_links":{"self":[{"href":"https:\/\/telfio.com.br\/index.php?rest_route=\/wp\/v2\/product\/5885","targetHints":{"allow":["GET"]}}],"collection":[{"href":"https:\/\/telfio.com.br\/index.php?rest_route=\/wp\/v2\/product"}],"about":[{"href":"https:\/\/telfio.com.br\/index.php?rest_route=\/wp\/v2\/types\/product"}],"replies":[{"embeddable":true,"href":"https:\/\/telfio.com.br\/index.php?rest_route=%2Fwp%2Fv2%2Fcomments&post=5885"}],"wp:featuredmedia":[{"embeddable":true,"href":"https:\/\/telfio.com.br\/index.php?rest_route=\/wp\/v2\/media\/5886"}],"wp:attachment":[{"href":"https:\/\/telfio.com.br\/index.php?rest_route=%2Fwp%2Fv2%2Fmedia&parent=5885"}],"wp:term":[{"taxonomy":"product_brand","embeddable":true,"href":"https:\/\/telfio.com.br\/index.php?rest_route=%2Fwp%2Fv2%2Fproduct_brand&post=5885"},{"taxonomy":"product_cat","embeddable":true,"href":"https:\/\/telfio.com.br\/index.php?rest_route=%2Fwp%2Fv2%2Fproduct_cat&post=5885"},{"taxonomy":"product_tag","embeddable":true,"href":"https:\/\/telfio.com.br\/index.php?rest_route=%2Fwp%2Fv2%2Fproduct_tag&post=5885"}],"curies":[{"name":"wp","href":"https:\/\/api.w.org\/{rel}","templated":true}]}}