{"id":5860,"date":"2025-11-06T15:57:30","date_gmt":"2025-11-06T18:57:30","guid":{"rendered":"https:\/\/telfio.com.br\/?post_type=product&#038;p=5860"},"modified":"2025-11-06T15:57:31","modified_gmt":"2025-11-06T18:57:31","slug":"conector-blindagem-vinculado-terra-cbvt","status":"publish","type":"product","link":"https:\/\/telfio.com.br\/?product=conector-blindagem-vinculado-terra-cbvt","title":{"rendered":"Conector Blindagem Vinculado Terra CBVT"},"content":{"rendered":"","protected":false},"excerpt":{"rendered":"<p>Utilizado para Restabelecer a Vincula\u00e7\u00e3o El\u00e9trica em Emendas A\u00e9reas ou Subterr\u00e2neas<br \/>\nda Blindagem de Cabos Telef\u00f4nicos com Capa APL ao Sistema de Aterramento da Rede.<\/p>\n<p>Conector de continuidade para blindagem D100027 CBTV.<br \/>\nPossui 1 condutor com di\u00e2metro (bitola) de 6mm\u00b2<br \/>\ne isola\u00e7\u00e3o de PVC na cor azul, 1 arruela de press\u00e3o,<br \/>\n1 arruela comum, 1 porca hexagonal<br \/>\n2 presilhas para aux\u00edlio de instala\u00e7\u00e3o.<br \/>\nCertificado pela ANATEL N\u00b0 1718-06-3524.<\/p>\n","protected":false},"featured_media":5861,"comment_status":"open","ping_status":"closed","template":"","meta":{"_joinchat":[]},"product_brand":[],"product_cat":[18],"product_tag":[],"class_list":{"0":"post-5860","1":"product","2":"type-product","3":"status-publish","4":"has-post-thumbnail","6":"product_cat-fios","8":"first","9":"instock","10":"shipping-taxable","11":"product-type-simple"},"_links":{"self":[{"href":"https:\/\/telfio.com.br\/index.php?rest_route=\/wp\/v2\/product\/5860","targetHints":{"allow":["GET"]}}],"collection":[{"href":"https:\/\/telfio.com.br\/index.php?rest_route=\/wp\/v2\/product"}],"about":[{"href":"https:\/\/telfio.com.br\/index.php?rest_route=\/wp\/v2\/types\/product"}],"replies":[{"embeddable":true,"href":"https:\/\/telfio.com.br\/index.php?rest_route=%2Fwp%2Fv2%2Fcomments&post=5860"}],"wp:featuredmedia":[{"embeddable":true,"href":"https:\/\/telfio.com.br\/index.php?rest_route=\/wp\/v2\/media\/5861"}],"wp:attachment":[{"href":"https:\/\/telfio.com.br\/index.php?rest_route=%2Fwp%2Fv2%2Fmedia&parent=5860"}],"wp:term":[{"taxonomy":"product_brand","embeddable":true,"href":"https:\/\/telfio.com.br\/index.php?rest_route=%2Fwp%2Fv2%2Fproduct_brand&post=5860"},{"taxonomy":"product_cat","embeddable":true,"href":"https:\/\/telfio.com.br\/index.php?rest_route=%2Fwp%2Fv2%2Fproduct_cat&post=5860"},{"taxonomy":"product_tag","embeddable":true,"href":"https:\/\/telfio.com.br\/index.php?rest_route=%2Fwp%2Fv2%2Fproduct_tag&post=5860"}],"curies":[{"name":"wp","href":"https:\/\/api.w.org\/{rel}","templated":true}]}}