{"id":5849,"date":"2025-10-10T09:22:46","date_gmt":"2025-10-10T12:22:46","guid":{"rendered":"https:\/\/telfio.com.br\/?post_type=product&#038;p=5849"},"modified":"2025-10-10T09:22:47","modified_gmt":"2025-10-10T12:22:47","slug":"suporte-fixacao-caixa-optica-berco","status":"publish","type":"product","link":"https:\/\/telfio.com.br\/?product=suporte-fixacao-caixa-optica-berco","title":{"rendered":"SUPORTE FIXACAO CAIXA OPTICA BER\u00c7O"},"content":{"rendered":"","protected":false},"excerpt":{"rendered":"<p>Ber\u00e7o ou suporte, para caixas de emenda \u00f3ptica em postes ou caixas subterr\u00e2neas. O\u00a0suporte de fixa\u00e7\u00e3o de caixa de emenda \u00f3ptica, tamb\u00e9m conhecido como ber\u00e7o, \u00e9 utilizado para sustenta\u00e7\u00e3o e fixa\u00e7\u00e3o a\u00e9rea da CEO em postes e paredes.<\/p>\n","protected":false},"featured_media":5850,"comment_status":"open","ping_status":"closed","template":"","meta":{"_joinchat":[]},"product_brand":[],"product_cat":[20],"product_tag":[],"class_list":{"0":"post-5849","1":"product","2":"type-product","3":"status-publish","4":"has-post-thumbnail","6":"product_cat-ferragens","8":"first","9":"instock","10":"shipping-taxable","11":"product-type-simple"},"_links":{"self":[{"href":"https:\/\/telfio.com.br\/index.php?rest_route=\/wp\/v2\/product\/5849","targetHints":{"allow":["GET"]}}],"collection":[{"href":"https:\/\/telfio.com.br\/index.php?rest_route=\/wp\/v2\/product"}],"about":[{"href":"https:\/\/telfio.com.br\/index.php?rest_route=\/wp\/v2\/types\/product"}],"replies":[{"embeddable":true,"href":"https:\/\/telfio.com.br\/index.php?rest_route=%2Fwp%2Fv2%2Fcomments&post=5849"}],"wp:featuredmedia":[{"embeddable":true,"href":"https:\/\/telfio.com.br\/index.php?rest_route=\/wp\/v2\/media\/5850"}],"wp:attachment":[{"href":"https:\/\/telfio.com.br\/index.php?rest_route=%2Fwp%2Fv2%2Fmedia&parent=5849"}],"wp:term":[{"taxonomy":"product_brand","embeddable":true,"href":"https:\/\/telfio.com.br\/index.php?rest_route=%2Fwp%2Fv2%2Fproduct_brand&post=5849"},{"taxonomy":"product_cat","embeddable":true,"href":"https:\/\/telfio.com.br\/index.php?rest_route=%2Fwp%2Fv2%2Fproduct_cat&post=5849"},{"taxonomy":"product_tag","embeddable":true,"href":"https:\/\/telfio.com.br\/index.php?rest_route=%2Fwp%2Fv2%2Fproduct_tag&post=5849"}],"curies":[{"name":"wp","href":"https:\/\/api.w.org\/{rel}","templated":true}]}}