{"id":5838,"date":"2025-09-22T10:52:53","date_gmt":"2025-09-22T13:52:53","guid":{"rendered":"https:\/\/telfio.com.br\/?post_type=product&#038;p=5838"},"modified":"2025-09-22T11:06:58","modified_gmt":"2025-09-22T14:06:58","slug":"caixa-de-terminacao-optica-cto-c-splitter-1x16","status":"publish","type":"product","link":"https:\/\/telfio.com.br\/?product=caixa-de-terminacao-optica-cto-c-splitter-1x16","title":{"rendered":"Caixa de termina\u00e7\u00e3o \u00f3ptica (CTO) c\/splitter 1&#215;16"},"content":{"rendered":"","protected":false},"excerpt":{"rendered":"<p>A caixa de termina\u00e7\u00e3o conta com 16 portas de sa\u00edda e \u00e9 respons\u00e1vel pela distribui\u00e7\u00e3o da rede \u00f3ptica sem a necessidade de m\u00e1quina de fus\u00e3o.<\/p>\n<p>A caixa de termina\u00e7\u00e3o \u00f3ptica (CTO) da Intelbras \u00e9 utilizada como ponto de termina\u00e7\u00e3o do cabo backbone para<br \/>\nconectar com o cabo drop na rede de sistemas de comunica\u00e7\u00e3o FTTx. Na CTO, pode-se realizar emendas, divis\u00e3o e<br \/>\ndistribui\u00e7\u00e3o das fibras, fornecendo prote\u00e7\u00e3o e acomoda\u00e7\u00e3o adequada para constru\u00e7\u00e3o de redes FTTx.<br \/>\nPode ser instalada em ambientes internos e externos, podendo ser fixada em parede, poste ou cordoalha. Com a<br \/>\nsua estrutura completamente fechada e fabricada em PC + ABS, a CTO Intelbras oferece prote\u00e7\u00e3o a poeira,<br \/>\nenvelhecimento e \u00e1gua, possuindo grau de prote\u00e7\u00e3o IP 66.<\/p>\n","protected":false},"featured_media":5839,"comment_status":"open","ping_status":"closed","template":"","meta":{"_joinchat":[]},"product_brand":[],"product_cat":[73],"product_tag":[],"class_list":{"0":"post-5838","1":"product","2":"type-product","3":"status-publish","4":"has-post-thumbnail","6":"product_cat-fibra","8":"first","9":"instock","10":"shipping-taxable","11":"product-type-simple"},"_links":{"self":[{"href":"https:\/\/telfio.com.br\/index.php?rest_route=\/wp\/v2\/product\/5838","targetHints":{"allow":["GET"]}}],"collection":[{"href":"https:\/\/telfio.com.br\/index.php?rest_route=\/wp\/v2\/product"}],"about":[{"href":"https:\/\/telfio.com.br\/index.php?rest_route=\/wp\/v2\/types\/product"}],"replies":[{"embeddable":true,"href":"https:\/\/telfio.com.br\/index.php?rest_route=%2Fwp%2Fv2%2Fcomments&post=5838"}],"wp:featuredmedia":[{"embeddable":true,"href":"https:\/\/telfio.com.br\/index.php?rest_route=\/wp\/v2\/media\/5839"}],"wp:attachment":[{"href":"https:\/\/telfio.com.br\/index.php?rest_route=%2Fwp%2Fv2%2Fmedia&parent=5838"}],"wp:term":[{"taxonomy":"product_brand","embeddable":true,"href":"https:\/\/telfio.com.br\/index.php?rest_route=%2Fwp%2Fv2%2Fproduct_brand&post=5838"},{"taxonomy":"product_cat","embeddable":true,"href":"https:\/\/telfio.com.br\/index.php?rest_route=%2Fwp%2Fv2%2Fproduct_cat&post=5838"},{"taxonomy":"product_tag","embeddable":true,"href":"https:\/\/telfio.com.br\/index.php?rest_route=%2Fwp%2Fv2%2Fproduct_tag&post=5838"}],"curies":[{"name":"wp","href":"https:\/\/api.w.org\/{rel}","templated":true}]}}