{"id":5827,"date":"2025-09-15T11:29:18","date_gmt":"2025-09-15T14:29:18","guid":{"rendered":"https:\/\/telfio.com.br\/?post_type=product&#038;p=5827"},"modified":"2025-11-27T16:37:43","modified_gmt":"2025-11-27T19:37:43","slug":"caixa-emenda-pocket-12-fo-fibracem","status":"publish","type":"product","link":"https:\/\/telfio.com.br\/?product=caixa-emenda-pocket-12-fo-fibracem","title":{"rendered":"Caixa emenda Pocket 12 fo Fibracem"},"content":{"rendered":"","protected":false},"excerpt":{"rendered":"<p class=\"framer-text framer-styles-preset-1lg3m2a\">A <strong class=\"framer-text\">CTO Pocket<\/strong> da Fibracem \u00e9 uma caixa ultracompacta, pr\u00e1tica e eficiente para <strong class=\"framer-text\">continuidade de rede \u00f3ptica ou reparo de cabos rompidos<\/strong>. Com estrutura leve e design funcional, \u00e9 ideal para instala\u00e7\u00f5es em <strong class=\"framer-text\">fachada e cordoalha<\/strong>, permitindo at\u00e9 <strong class=\"framer-text\">18 fus\u00f5es<\/strong> internas em sua bandeja pl\u00e1stica.<\/p>\n<p class=\"framer-text framer-styles-preset-1lg3m2a\">Possui <strong class=\"framer-text\">duas entradas cil\u00edndricas<\/strong> para cabos de <strong class=\"framer-text\">5 a 10 mm<\/strong>, com veda\u00e7\u00e3o feita por <strong class=\"framer-text\">tubos termocontr\u00e1teis (SVT)<\/strong>. O fechamento entre c\u00fapula e base ocorre de forma segura por <strong class=\"framer-text\">trava mec\u00e2nica tipo click<\/strong>, garantindo f\u00e1cil manuseio e prote\u00e7\u00e3o IP65<\/p>\n","protected":false},"featured_media":5829,"comment_status":"open","ping_status":"closed","template":"","meta":{"_joinchat":[]},"product_brand":[],"product_cat":[73],"product_tag":[],"class_list":{"0":"post-5827","1":"product","2":"type-product","3":"status-publish","4":"has-post-thumbnail","6":"product_cat-fibra","8":"first","9":"instock","10":"shipping-taxable","11":"product-type-simple"},"_links":{"self":[{"href":"https:\/\/telfio.com.br\/index.php?rest_route=\/wp\/v2\/product\/5827","targetHints":{"allow":["GET"]}}],"collection":[{"href":"https:\/\/telfio.com.br\/index.php?rest_route=\/wp\/v2\/product"}],"about":[{"href":"https:\/\/telfio.com.br\/index.php?rest_route=\/wp\/v2\/types\/product"}],"replies":[{"embeddable":true,"href":"https:\/\/telfio.com.br\/index.php?rest_route=%2Fwp%2Fv2%2Fcomments&post=5827"}],"wp:featuredmedia":[{"embeddable":true,"href":"https:\/\/telfio.com.br\/index.php?rest_route=\/wp\/v2\/media\/5829"}],"wp:attachment":[{"href":"https:\/\/telfio.com.br\/index.php?rest_route=%2Fwp%2Fv2%2Fmedia&parent=5827"}],"wp:term":[{"taxonomy":"product_brand","embeddable":true,"href":"https:\/\/telfio.com.br\/index.php?rest_route=%2Fwp%2Fv2%2Fproduct_brand&post=5827"},{"taxonomy":"product_cat","embeddable":true,"href":"https:\/\/telfio.com.br\/index.php?rest_route=%2Fwp%2Fv2%2Fproduct_cat&post=5827"},{"taxonomy":"product_tag","embeddable":true,"href":"https:\/\/telfio.com.br\/index.php?rest_route=%2Fwp%2Fv2%2Fproduct_tag&post=5827"}],"curies":[{"name":"wp","href":"https:\/\/api.w.org\/{rel}","templated":true}]}}