{"id":5818,"date":"2025-07-28T15:32:25","date_gmt":"2025-07-28T18:32:25","guid":{"rendered":"https:\/\/telfio.com.br\/?post_type=product&#038;p=5818"},"modified":"2025-07-28T15:32:26","modified_gmt":"2025-07-28T18:32:26","slug":"espiral-tube-1-2-e-1-4","status":"publish","type":"product","link":"https:\/\/telfio.com.br\/?product=espiral-tube-1-2-e-1-4","title":{"rendered":"Espiral tube 1\/2 e 1\/4"},"content":{"rendered":"","protected":false},"excerpt":{"rendered":"<p>O tubo espiral \u00e9 um dispositivo utilizado para proteger e organizar cabos e fios de forma eficiente e pr\u00e1tica. Ele \u00e9 produzido a partir de polietileno , um material altamente resistente que proporciona durabilidade e prote\u00e7\u00e3o aos cabos e fios que est\u00e3o dentro dele. O seu design espiral permite uma instala\u00e7\u00e3o f\u00e1cil e r\u00e1pida, pois \u00e9 poss\u00edvel envolver os cabos e fios com o tubo sem a necessidade de desmontar a estrutura j\u00e1 existente. Ele tem um di\u00e2metro de 1\/4 e 1\/2.<\/p>\n<p>Disponivel ns cores:<\/p>\n<ul>\n<li>Azul<\/li>\n<li>Laranja<\/li>\n<li>Preto<\/li>\n<li>verde<\/li>\n<\/ul>\n","protected":false},"featured_media":5819,"comment_status":"open","ping_status":"closed","template":"","meta":{"_joinchat":[]},"product_brand":[],"product_cat":[17],"product_tag":[],"class_list":{"0":"post-5818","1":"product","2":"type-product","3":"status-publish","4":"has-post-thumbnail","6":"product_cat-injetados","8":"first","9":"instock","10":"shipping-taxable","11":"product-type-simple"},"_links":{"self":[{"href":"https:\/\/telfio.com.br\/index.php?rest_route=\/wp\/v2\/product\/5818","targetHints":{"allow":["GET"]}}],"collection":[{"href":"https:\/\/telfio.com.br\/index.php?rest_route=\/wp\/v2\/product"}],"about":[{"href":"https:\/\/telfio.com.br\/index.php?rest_route=\/wp\/v2\/types\/product"}],"replies":[{"embeddable":true,"href":"https:\/\/telfio.com.br\/index.php?rest_route=%2Fwp%2Fv2%2Fcomments&post=5818"}],"wp:featuredmedia":[{"embeddable":true,"href":"https:\/\/telfio.com.br\/index.php?rest_route=\/wp\/v2\/media\/5819"}],"wp:attachment":[{"href":"https:\/\/telfio.com.br\/index.php?rest_route=%2Fwp%2Fv2%2Fmedia&parent=5818"}],"wp:term":[{"taxonomy":"product_brand","embeddable":true,"href":"https:\/\/telfio.com.br\/index.php?rest_route=%2Fwp%2Fv2%2Fproduct_brand&post=5818"},{"taxonomy":"product_cat","embeddable":true,"href":"https:\/\/telfio.com.br\/index.php?rest_route=%2Fwp%2Fv2%2Fproduct_cat&post=5818"},{"taxonomy":"product_tag","embeddable":true,"href":"https:\/\/telfio.com.br\/index.php?rest_route=%2Fwp%2Fv2%2Fproduct_tag&post=5818"}],"curies":[{"name":"wp","href":"https:\/\/api.w.org\/{rel}","templated":true}]}}