{"id":5811,"date":"2025-06-25T10:28:03","date_gmt":"2025-06-25T13:28:03","guid":{"rendered":"https:\/\/telfio.com.br\/?post_type=product&#038;p=5811"},"modified":"2025-06-25T10:28:03","modified_gmt":"2025-06-25T13:28:03","slug":"suporte-ancoragem-4-ranhuras","status":"publish","type":"product","link":"https:\/\/telfio.com.br\/?product=suporte-ancoragem-4-ranhuras","title":{"rendered":"SUPORTE ANCORAGEM 4 RANHURAS"},"content":{"rendered":"","protected":false},"excerpt":{"rendered":"<p>O Suporte Universal com 4 Ranhuras, agrupa v\u00e1rias fun\u00e7\u00f5es em um \u00fanico acess\u00f3rio, como a ancoragem, distribui\u00e7\u00e3o e sustenta\u00e7\u00e3o para implanta\u00e7\u00e3o da rede \u00f3ptica.<\/p>\n<p>&nbsp;<\/p>\n<p>Ele possui uma roldana pl\u00e1stica de distribui\u00e7\u00e3o injetada em polipropileno com 4 ranhuras e roldana de ancoragem do mesmo material para guiar o pr\u00e9-formado da ancoragem.<\/p>\n","protected":false},"featured_media":5812,"comment_status":"open","ping_status":"closed","template":"","meta":{"_joinchat":[]},"product_brand":[],"product_cat":[17],"product_tag":[],"class_list":{"0":"post-5811","1":"product","2":"type-product","3":"status-publish","4":"has-post-thumbnail","6":"product_cat-injetados","8":"first","9":"instock","10":"shipping-taxable","11":"product-type-simple"},"_links":{"self":[{"href":"https:\/\/telfio.com.br\/index.php?rest_route=\/wp\/v2\/product\/5811","targetHints":{"allow":["GET"]}}],"collection":[{"href":"https:\/\/telfio.com.br\/index.php?rest_route=\/wp\/v2\/product"}],"about":[{"href":"https:\/\/telfio.com.br\/index.php?rest_route=\/wp\/v2\/types\/product"}],"replies":[{"embeddable":true,"href":"https:\/\/telfio.com.br\/index.php?rest_route=%2Fwp%2Fv2%2Fcomments&post=5811"}],"wp:featuredmedia":[{"embeddable":true,"href":"https:\/\/telfio.com.br\/index.php?rest_route=\/wp\/v2\/media\/5812"}],"wp:attachment":[{"href":"https:\/\/telfio.com.br\/index.php?rest_route=%2Fwp%2Fv2%2Fmedia&parent=5811"}],"wp:term":[{"taxonomy":"product_brand","embeddable":true,"href":"https:\/\/telfio.com.br\/index.php?rest_route=%2Fwp%2Fv2%2Fproduct_brand&post=5811"},{"taxonomy":"product_cat","embeddable":true,"href":"https:\/\/telfio.com.br\/index.php?rest_route=%2Fwp%2Fv2%2Fproduct_cat&post=5811"},{"taxonomy":"product_tag","embeddable":true,"href":"https:\/\/telfio.com.br\/index.php?rest_route=%2Fwp%2Fv2%2Fproduct_tag&post=5811"}],"curies":[{"name":"wp","href":"https:\/\/api.w.org\/{rel}","templated":true}]}}