{"id":5807,"date":"2025-06-24T14:33:05","date_gmt":"2025-06-24T17:33:05","guid":{"rendered":"https:\/\/telfio.com.br\/?post_type=product&#038;p=5807"},"modified":"2025-06-26T10:51:04","modified_gmt":"2025-06-26T13:51:04","slug":"patch-cord-utp-cat6e-1-metro-azul","status":"publish","type":"product","link":"https:\/\/telfio.com.br\/?product=patch-cord-utp-cat6e-1-metro-azul","title":{"rendered":"Patch Cord UTP Cat6E 1 metro azul"},"content":{"rendered":"","protected":false},"excerpt":{"rendered":"<p><strong>PRE\u00c7O PROMOCIONAL ENQUANTO DURAR O ESTOQUE<\/strong><\/p>\n<p>&nbsp;<\/p>\n<p>Utilizados para conectar ou fazer manobras entre dois dispositivos de rede dentro do Rack, fazer a interliga\u00e7\u00e3o entre uma m\u00e1quina at\u00e9 seu ponto de rede ou switch e tamb\u00e9m para aplica\u00e7\u00f5es de transmiss\u00e3o de dados em alta velocidade. Este produto est\u00e1 em conformidade com a Diretiva Europ\u00e9ia RoHS: uma medida restritiva ao uso de metais pesados na fabrica\u00e7\u00e3o dos produtos e relacionadas \u00e0 preserva\u00e7\u00e3o do meio ambiente.<\/p>\n<p><strong>Caracter\u00edsticas T\u00e9cnicas:<\/strong><\/p>\n<ul>\n<li>Tipo de cabo: Cat6 de 1M;<\/li>\n<li>Material da capa externa: PVC \/ LSZH \/ WDZ-PVC \/ LDPE n\u00e3o reciclado;<\/li>\n<li>Isolamento: 0.915 HDPE \/ LDPE ;<\/li>\n<li>Cor da capa externa: Azul;<\/li>\n<li>Certificados: CE RoHS CCC TLC ISO9001 TUV SGS;<\/li>\n<li>Di\u00e2metro do Isolamento: 0.915\u00b10.02;<\/li>\n<li>Di\u00e2metro da capa: 5.2\u00b10.02(interna) e 5.8 \u00b10.02(externa);<\/li>\n<li>Velocidade de transmiss\u00e3o: CaT6 1G\/s;<\/li>\n<li>Temperatura de Armazenamento: -40 C a +70 C;<\/li>\n<li>Temperatura de Opera\u00e7\u00e3o: -10\u00baC a +60\u00baC;<\/li>\n<\/ul>\n","protected":false},"featured_media":5809,"comment_status":"open","ping_status":"closed","template":"","meta":{"_joinchat":{"view":"yes"}},"product_brand":[],"product_cat":[73],"product_tag":[],"class_list":{"0":"post-5807","1":"product","2":"type-product","3":"status-publish","4":"has-post-thumbnail","6":"product_cat-fibra","8":"first","9":"instock","10":"shipping-taxable","11":"purchasable","12":"product-type-simple"},"_links":{"self":[{"href":"https:\/\/telfio.com.br\/index.php?rest_route=\/wp\/v2\/product\/5807","targetHints":{"allow":["GET"]}}],"collection":[{"href":"https:\/\/telfio.com.br\/index.php?rest_route=\/wp\/v2\/product"}],"about":[{"href":"https:\/\/telfio.com.br\/index.php?rest_route=\/wp\/v2\/types\/product"}],"replies":[{"embeddable":true,"href":"https:\/\/telfio.com.br\/index.php?rest_route=%2Fwp%2Fv2%2Fcomments&post=5807"}],"wp:featuredmedia":[{"embeddable":true,"href":"https:\/\/telfio.com.br\/index.php?rest_route=\/wp\/v2\/media\/5809"}],"wp:attachment":[{"href":"https:\/\/telfio.com.br\/index.php?rest_route=%2Fwp%2Fv2%2Fmedia&parent=5807"}],"wp:term":[{"taxonomy":"product_brand","embeddable":true,"href":"https:\/\/telfio.com.br\/index.php?rest_route=%2Fwp%2Fv2%2Fproduct_brand&post=5807"},{"taxonomy":"product_cat","embeddable":true,"href":"https:\/\/telfio.com.br\/index.php?rest_route=%2Fwp%2Fv2%2Fproduct_cat&post=5807"},{"taxonomy":"product_tag","embeddable":true,"href":"https:\/\/telfio.com.br\/index.php?rest_route=%2Fwp%2Fv2%2Fproduct_tag&post=5807"}],"curies":[{"name":"wp","href":"https:\/\/api.w.org\/{rel}","templated":true}]}}