{"id":5804,"date":"2025-06-23T11:32:35","date_gmt":"2025-06-23T14:32:35","guid":{"rendered":"https:\/\/telfio.com.br\/?post_type=product&#038;p=5804"},"modified":"2025-07-01T11:01:57","modified_gmt":"2025-07-01T14:01:57","slug":"kit-derivacao-entrada-principal-com-espaguete-zipado","status":"publish","type":"product","link":"https:\/\/telfio.com.br\/?product=kit-derivacao-entrada-principal-com-espaguete-zipado","title":{"rendered":"Kit Deriva\u00e7\u00e3o Entrada Principal Manta Zipada"},"content":{"rendered":"","protected":false},"excerpt":{"rendered":"<p>O Kit Deriva\u00e7\u00e3o Entrada Principal com Espaguete Zipado \u00e9 aplic\u00e1vel para acrescentar um ou mais cabos \u00f3pticos na entrada principal sem mexer nas deriva\u00e7\u00f5es.<\/p>\n<p><strong>Vantagens<\/strong><\/p>\n<ul>\n<li>F\u00e1cil instala\u00e7\u00e3o;<\/li>\n<li>F\u00e1cil Opera\u00e7\u00e3o;<\/li>\n<li>Totalmente compat\u00edvel com elementos das redes j\u00e1 existentes;<\/li>\n<li>Acrescentar um ou mais cabos sem mexer nas deriva\u00e7\u00f5es existentes.<\/li>\n<\/ul>\n<p><strong>Caracter\u00edsticas T\u00e9cnicas<\/strong><\/p>\n<p>Cada Kit de deriva\u00e7\u00e3o \u00e9 composto por:<\/p>\n<ul>\n<li>01 \u2013 Espaguete \u00a0termo contr\u00e1til Zipado;<\/li>\n<li>01 \u2013 Tira de Lixa Ferro G-40;<\/li>\n<li>02 \u2013 Papeis Laminado;<\/li>\n<li>02 \u2013 Tubo transparente de prote\u00e7\u00e3o;<\/li>\n<li>08 \u2013 Abra\u00e7adeiras pl\u00e1sticas;<\/li>\n<li>01 \u2013 Fita Isolante;<\/li>\n<li>02 \u2013 Parafuso M5;<\/li>\n<li>02 \u2013 Fixadores de Elemento de tra\u00e7\u00e3o.<\/li>\n<\/ul>\n","protected":false},"featured_media":5805,"comment_status":"open","ping_status":"closed","template":"","meta":{"_joinchat":[]},"product_brand":[],"product_cat":[73],"product_tag":[],"class_list":{"0":"post-5804","1":"product","2":"type-product","3":"status-publish","4":"has-post-thumbnail","6":"product_cat-fibra","8":"first","9":"instock","10":"shipping-taxable","11":"product-type-simple"},"_links":{"self":[{"href":"https:\/\/telfio.com.br\/index.php?rest_route=\/wp\/v2\/product\/5804","targetHints":{"allow":["GET"]}}],"collection":[{"href":"https:\/\/telfio.com.br\/index.php?rest_route=\/wp\/v2\/product"}],"about":[{"href":"https:\/\/telfio.com.br\/index.php?rest_route=\/wp\/v2\/types\/product"}],"replies":[{"embeddable":true,"href":"https:\/\/telfio.com.br\/index.php?rest_route=%2Fwp%2Fv2%2Fcomments&post=5804"}],"wp:featuredmedia":[{"embeddable":true,"href":"https:\/\/telfio.com.br\/index.php?rest_route=\/wp\/v2\/media\/5805"}],"wp:attachment":[{"href":"https:\/\/telfio.com.br\/index.php?rest_route=%2Fwp%2Fv2%2Fmedia&parent=5804"}],"wp:term":[{"taxonomy":"product_brand","embeddable":true,"href":"https:\/\/telfio.com.br\/index.php?rest_route=%2Fwp%2Fv2%2Fproduct_brand&post=5804"},{"taxonomy":"product_cat","embeddable":true,"href":"https:\/\/telfio.com.br\/index.php?rest_route=%2Fwp%2Fv2%2Fproduct_cat&post=5804"},{"taxonomy":"product_tag","embeddable":true,"href":"https:\/\/telfio.com.br\/index.php?rest_route=%2Fwp%2Fv2%2Fproduct_tag&post=5804"}],"curies":[{"name":"wp","href":"https:\/\/api.w.org\/{rel}","templated":true}]}}