{"id":5799,"date":"2025-06-04T10:57:42","date_gmt":"2025-06-04T13:57:42","guid":{"rendered":"https:\/\/telfio.com.br\/?post_type=product&#038;p=5799"},"modified":"2025-06-04T10:57:44","modified_gmt":"2025-06-04T13:57:44","slug":"bastao-de-cola-quente-transparente-grosso-11mm-1-kg","status":"publish","type":"product","link":"https:\/\/telfio.com.br\/?product=bastao-de-cola-quente-transparente-grosso-11mm-1-kg","title":{"rendered":"Bast\u00e3o de Cola Quente Transparente Grosso 11mm &#8211; 1 Kg"},"content":{"rendered":"","protected":false},"excerpt":{"rendered":"<p>Adesivo termopl\u00e1stico elaborado \u00e0 base de resinas sint\u00e9ticas e ceras especiais indicado para as mais diversas aplica\u00e7\u00f5es. Cor: Transparente<\/p>\n<p>O bast\u00e3o de cola quente proporciona excelente acabamento nas instala\u00e7\u00f5es e \u00e9 utilizado por muitos instaladores de CFTV e seguran\u00e7a eletr\u00f4nica para a fixa\u00e7\u00e3o de cabos de c\u00e2meras, sensores e outros acess\u00f3rios.<\/p>\n","protected":false},"featured_media":5800,"comment_status":"open","ping_status":"closed","template":"","meta":{"_joinchat":[]},"product_brand":[],"product_cat":[19],"product_tag":[],"class_list":{"0":"post-5799","1":"product","2":"type-product","3":"status-publish","4":"has-post-thumbnail","6":"product_cat-diversos","8":"first","9":"instock","10":"shipping-taxable","11":"product-type-simple"},"_links":{"self":[{"href":"https:\/\/telfio.com.br\/index.php?rest_route=\/wp\/v2\/product\/5799","targetHints":{"allow":["GET"]}}],"collection":[{"href":"https:\/\/telfio.com.br\/index.php?rest_route=\/wp\/v2\/product"}],"about":[{"href":"https:\/\/telfio.com.br\/index.php?rest_route=\/wp\/v2\/types\/product"}],"replies":[{"embeddable":true,"href":"https:\/\/telfio.com.br\/index.php?rest_route=%2Fwp%2Fv2%2Fcomments&post=5799"}],"wp:featuredmedia":[{"embeddable":true,"href":"https:\/\/telfio.com.br\/index.php?rest_route=\/wp\/v2\/media\/5800"}],"wp:attachment":[{"href":"https:\/\/telfio.com.br\/index.php?rest_route=%2Fwp%2Fv2%2Fmedia&parent=5799"}],"wp:term":[{"taxonomy":"product_brand","embeddable":true,"href":"https:\/\/telfio.com.br\/index.php?rest_route=%2Fwp%2Fv2%2Fproduct_brand&post=5799"},{"taxonomy":"product_cat","embeddable":true,"href":"https:\/\/telfio.com.br\/index.php?rest_route=%2Fwp%2Fv2%2Fproduct_cat&post=5799"},{"taxonomy":"product_tag","embeddable":true,"href":"https:\/\/telfio.com.br\/index.php?rest_route=%2Fwp%2Fv2%2Fproduct_tag&post=5799"}],"curies":[{"name":"wp","href":"https:\/\/api.w.org\/{rel}","templated":true}]}}