{"id":5788,"date":"2025-05-15T11:52:45","date_gmt":"2025-05-15T14:52:45","guid":{"rendered":"https:\/\/telfio.com.br\/?post_type=product&#038;p=5788"},"modified":"2025-05-15T14:03:58","modified_gmt":"2025-05-15T17:03:58","slug":"cabo-optico-drop-f8-fit-4-fibras-cog-fibracem","status":"publish","type":"product","link":"https:\/\/telfio.com.br\/?product=cabo-optico-drop-f8-fit-4-fibras-cog-fibracem","title":{"rendered":"CABO OPTICO DROP F8 FIT 4 FIBRAS COG &#8211; FIBRACEM"},"content":{"rendered":"","protected":false},"excerpt":{"rendered":"<p>O Cabo \u00d3ptico Drop F8 Fit \u00e9 constitu\u00eddo por fibras \u00f3pticas monomodo, revestidas em acrilato e resist\u00eancia \u00e0 penetra\u00e7\u00e3o de umidade. Possui como elemento de sustenta\u00e7\u00e3o fio de a\u00e7o galvanizado (mensageiro) e fios de aramidas aplicados sobre o tubo loose. O material termopl\u00e1stico aplicado por extrus\u00e3o atende as categorias COG ou LSZH, protege o cabo contra a intemp\u00e9ries e a\u00e7\u00e3o dos raios UV. Possui\u00a04 fibras e \u00e9 indicado para instala\u00e7\u00e3o em v\u00e3os de at\u00e9 80 metros em ambientes externos \/ internos.<\/p>\n<p>O melhor\u00a0 produto para seus projetos.<\/p>\n","protected":false},"featured_media":5790,"comment_status":"open","ping_status":"closed","template":"","meta":{"_joinchat":[]},"product_brand":[],"product_cat":[73],"product_tag":[],"class_list":{"0":"post-5788","1":"product","2":"type-product","3":"status-publish","4":"has-post-thumbnail","6":"product_cat-fibra","8":"first","9":"instock","10":"shipping-taxable","11":"product-type-simple"},"_links":{"self":[{"href":"https:\/\/telfio.com.br\/index.php?rest_route=\/wp\/v2\/product\/5788","targetHints":{"allow":["GET"]}}],"collection":[{"href":"https:\/\/telfio.com.br\/index.php?rest_route=\/wp\/v2\/product"}],"about":[{"href":"https:\/\/telfio.com.br\/index.php?rest_route=\/wp\/v2\/types\/product"}],"replies":[{"embeddable":true,"href":"https:\/\/telfio.com.br\/index.php?rest_route=%2Fwp%2Fv2%2Fcomments&post=5788"}],"wp:featuredmedia":[{"embeddable":true,"href":"https:\/\/telfio.com.br\/index.php?rest_route=\/wp\/v2\/media\/5790"}],"wp:attachment":[{"href":"https:\/\/telfio.com.br\/index.php?rest_route=%2Fwp%2Fv2%2Fmedia&parent=5788"}],"wp:term":[{"taxonomy":"product_brand","embeddable":true,"href":"https:\/\/telfio.com.br\/index.php?rest_route=%2Fwp%2Fv2%2Fproduct_brand&post=5788"},{"taxonomy":"product_cat","embeddable":true,"href":"https:\/\/telfio.com.br\/index.php?rest_route=%2Fwp%2Fv2%2Fproduct_cat&post=5788"},{"taxonomy":"product_tag","embeddable":true,"href":"https:\/\/telfio.com.br\/index.php?rest_route=%2Fwp%2Fv2%2Fproduct_tag&post=5788"}],"curies":[{"name":"wp","href":"https:\/\/api.w.org\/{rel}","templated":true}]}}