{"id":5752,"date":"2025-04-14T16:03:30","date_gmt":"2025-04-14T19:03:30","guid":{"rendered":"https:\/\/telfio.com.br\/?post_type=product&#038;p=5752"},"modified":"2025-04-14T16:04:12","modified_gmt":"2025-04-14T19:04:12","slug":"conector-101-e-linear-com-gel","status":"publish","type":"product","link":"https:\/\/telfio.com.br\/?product=conector-101-e-linear-com-gel","title":{"rendered":"CONECTOR 101 E LINEAR COM GEL"},"content":{"rendered":"","protected":false},"excerpt":{"rendered":"<p>Conector linear 101E \u00e9 um produto destinado \u00e0 realiza\u00e7\u00e3o de emendas em condutores de cabos multipares telef\u00f4nicos (ou outros fios para telecomunica\u00e7\u00f5es) com a finalidade de uni-los eletricamente.<\/p>\n","protected":false},"featured_media":5754,"comment_status":"open","ping_status":"closed","template":"","meta":{"_joinchat":[]},"product_brand":[],"product_cat":[18],"product_tag":[],"class_list":{"0":"post-5752","1":"product","2":"type-product","3":"status-publish","4":"has-post-thumbnail","6":"product_cat-fios","8":"first","9":"instock","10":"shipping-taxable","11":"product-type-simple"},"_links":{"self":[{"href":"https:\/\/telfio.com.br\/index.php?rest_route=\/wp\/v2\/product\/5752","targetHints":{"allow":["GET"]}}],"collection":[{"href":"https:\/\/telfio.com.br\/index.php?rest_route=\/wp\/v2\/product"}],"about":[{"href":"https:\/\/telfio.com.br\/index.php?rest_route=\/wp\/v2\/types\/product"}],"replies":[{"embeddable":true,"href":"https:\/\/telfio.com.br\/index.php?rest_route=%2Fwp%2Fv2%2Fcomments&post=5752"}],"wp:featuredmedia":[{"embeddable":true,"href":"https:\/\/telfio.com.br\/index.php?rest_route=\/wp\/v2\/media\/5754"}],"wp:attachment":[{"href":"https:\/\/telfio.com.br\/index.php?rest_route=%2Fwp%2Fv2%2Fmedia&parent=5752"}],"wp:term":[{"taxonomy":"product_brand","embeddable":true,"href":"https:\/\/telfio.com.br\/index.php?rest_route=%2Fwp%2Fv2%2Fproduct_brand&post=5752"},{"taxonomy":"product_cat","embeddable":true,"href":"https:\/\/telfio.com.br\/index.php?rest_route=%2Fwp%2Fv2%2Fproduct_cat&post=5752"},{"taxonomy":"product_tag","embeddable":true,"href":"https:\/\/telfio.com.br\/index.php?rest_route=%2Fwp%2Fv2%2Fproduct_tag&post=5752"}],"curies":[{"name":"wp","href":"https:\/\/api.w.org\/{rel}","templated":true}]}}