{"id":5748,"date":"2025-04-14T15:30:57","date_gmt":"2025-04-14T18:30:57","guid":{"rendered":"https:\/\/telfio.com.br\/?post_type=product&#038;p=5748"},"modified":"2025-04-14T15:32:18","modified_gmt":"2025-04-14T18:32:18","slug":"modulo-protetor-mini-pei-mpr","status":"publish","type":"product","link":"https:\/\/telfio.com.br\/?product=modulo-protetor-mini-pei-mpr","title":{"rendered":"MODULO PROTETOR MINI PEI MPR"},"content":{"rendered":"","protected":false},"excerpt":{"rendered":"<p>O M\u00f3dulo Protetor tipo Mini PEI R &#8211; MPR foi especialmente projetado para garantir a prote\u00e7\u00e3o de pessoas e equipamentos contra descargas atmosf\u00e9ricas indiretas, dist\u00farbios eletromagn\u00e9ticos e condi\u00e7\u00f5es de curto-circuito entre diferentes redes. Com uma tens\u00e3o operacional de 180\/127V e corrente operacional de 120mA, esse m\u00f3dulo oferece um n\u00edvel de opera\u00e7\u00e3o de 290V e uma resist\u00eancia de isola\u00e7\u00e3o de 8 ohms. Sua temperatura de opera\u00e7\u00e3o varia de -40\u00b0C a +80\u00b0C.<\/p>\n","protected":false},"featured_media":5749,"comment_status":"open","ping_status":"closed","template":"","meta":{"_joinchat":[]},"product_brand":[],"product_cat":[19],"product_tag":[],"class_list":{"0":"post-5748","1":"product","2":"type-product","3":"status-publish","4":"has-post-thumbnail","6":"product_cat-diversos","8":"first","9":"instock","10":"shipping-taxable","11":"product-type-simple"},"_links":{"self":[{"href":"https:\/\/telfio.com.br\/index.php?rest_route=\/wp\/v2\/product\/5748","targetHints":{"allow":["GET"]}}],"collection":[{"href":"https:\/\/telfio.com.br\/index.php?rest_route=\/wp\/v2\/product"}],"about":[{"href":"https:\/\/telfio.com.br\/index.php?rest_route=\/wp\/v2\/types\/product"}],"replies":[{"embeddable":true,"href":"https:\/\/telfio.com.br\/index.php?rest_route=%2Fwp%2Fv2%2Fcomments&post=5748"}],"wp:featuredmedia":[{"embeddable":true,"href":"https:\/\/telfio.com.br\/index.php?rest_route=\/wp\/v2\/media\/5749"}],"wp:attachment":[{"href":"https:\/\/telfio.com.br\/index.php?rest_route=%2Fwp%2Fv2%2Fmedia&parent=5748"}],"wp:term":[{"taxonomy":"product_brand","embeddable":true,"href":"https:\/\/telfio.com.br\/index.php?rest_route=%2Fwp%2Fv2%2Fproduct_brand&post=5748"},{"taxonomy":"product_cat","embeddable":true,"href":"https:\/\/telfio.com.br\/index.php?rest_route=%2Fwp%2Fv2%2Fproduct_cat&post=5748"},{"taxonomy":"product_tag","embeddable":true,"href":"https:\/\/telfio.com.br\/index.php?rest_route=%2Fwp%2Fv2%2Fproduct_tag&post=5748"}],"curies":[{"name":"wp","href":"https:\/\/api.w.org\/{rel}","templated":true}]}}