{"id":5730,"date":"2025-04-10T11:50:09","date_gmt":"2025-04-10T14:50:09","guid":{"rendered":"https:\/\/telfio.com.br\/?post_type=product&#038;p=5730"},"modified":"2025-04-10T11:50:09","modified_gmt":"2025-04-10T14:50:09","slug":"anel-guia-rosca-soberba-para-dg-de-telefonia-ags","status":"publish","type":"product","link":"https:\/\/telfio.com.br\/?product=anel-guia-rosca-soberba-para-dg-de-telefonia-ags","title":{"rendered":"Anel Guia Rosca Soberba para DG de telefonia &#8211; AGS"},"content":{"rendered":"","protected":false},"excerpt":{"rendered":"<p>O Anel Guia Rosca Soberba AGS \u00e9 essencial para a organiza\u00e7\u00e3o e prote\u00e7\u00e3o de cabos em telecomunica\u00e7\u00f5es em diversos tipos de edif\u00edcios. Feito de ferro galvanizado, possui dimens\u00f5es compactas e \u00e9 adequado para cabos UTP e Fio FDG, al\u00e9m de servir como ancoragem para esticadores e al\u00e7as. Dispon\u00edvel\u00a0 em 3 tamanhos<\/p>\n","protected":false},"featured_media":5731,"comment_status":"open","ping_status":"closed","template":"","meta":{"_joinchat":[]},"product_brand":[],"product_cat":[20],"product_tag":[],"class_list":{"0":"post-5730","1":"product","2":"type-product","3":"status-publish","4":"has-post-thumbnail","6":"product_cat-ferragens","8":"first","9":"instock","10":"shipping-taxable","11":"product-type-simple"},"_links":{"self":[{"href":"https:\/\/telfio.com.br\/index.php?rest_route=\/wp\/v2\/product\/5730","targetHints":{"allow":["GET"]}}],"collection":[{"href":"https:\/\/telfio.com.br\/index.php?rest_route=\/wp\/v2\/product"}],"about":[{"href":"https:\/\/telfio.com.br\/index.php?rest_route=\/wp\/v2\/types\/product"}],"replies":[{"embeddable":true,"href":"https:\/\/telfio.com.br\/index.php?rest_route=%2Fwp%2Fv2%2Fcomments&post=5730"}],"wp:featuredmedia":[{"embeddable":true,"href":"https:\/\/telfio.com.br\/index.php?rest_route=\/wp\/v2\/media\/5731"}],"wp:attachment":[{"href":"https:\/\/telfio.com.br\/index.php?rest_route=%2Fwp%2Fv2%2Fmedia&parent=5730"}],"wp:term":[{"taxonomy":"product_brand","embeddable":true,"href":"https:\/\/telfio.com.br\/index.php?rest_route=%2Fwp%2Fv2%2Fproduct_brand&post=5730"},{"taxonomy":"product_cat","embeddable":true,"href":"https:\/\/telfio.com.br\/index.php?rest_route=%2Fwp%2Fv2%2Fproduct_cat&post=5730"},{"taxonomy":"product_tag","embeddable":true,"href":"https:\/\/telfio.com.br\/index.php?rest_route=%2Fwp%2Fv2%2Fproduct_tag&post=5730"}],"curies":[{"name":"wp","href":"https:\/\/api.w.org\/{rel}","templated":true}]}}