{"id":5727,"date":"2025-04-10T11:46:47","date_gmt":"2025-04-10T14:46:47","guid":{"rendered":"https:\/\/telfio.com.br\/?post_type=product&#038;p=5727"},"modified":"2025-04-10T11:46:47","modified_gmt":"2025-04-10T14:46:47","slug":"anel-guia-com-base-para-dg-de-telefonia-agb","status":"publish","type":"product","link":"https:\/\/telfio.com.br\/?product=anel-guia-com-base-para-dg-de-telefonia-agb","title":{"rendered":"Anel Guia  com base para DG de telefonia AGB"},"content":{"rendered":"","protected":false},"excerpt":{"rendered":"<p>O Anel Guia\u00a0 \u00e9 projetado para simplificar a manuten\u00e7\u00e3o e organizar a passagem de cabos, sendo empregado nos Distribuidores Gerais de Telefonia, em particular no modelo AGB1. Feito com materiais robustos, \u00e9 ideal para ambientes comerciais, residenciais e industriais, assegurando efici\u00eancia na gest\u00e3o dos cabos de telecomunica\u00e7\u00e3o.AGB em 3 tamanhos<\/p>\n","protected":false},"featured_media":5728,"comment_status":"open","ping_status":"closed","template":"","meta":{"_joinchat":[]},"product_brand":[],"product_cat":[20],"product_tag":[],"class_list":{"0":"post-5727","1":"product","2":"type-product","3":"status-publish","4":"has-post-thumbnail","6":"product_cat-ferragens","8":"first","9":"instock","10":"shipping-taxable","11":"product-type-simple"},"_links":{"self":[{"href":"https:\/\/telfio.com.br\/index.php?rest_route=\/wp\/v2\/product\/5727","targetHints":{"allow":["GET"]}}],"collection":[{"href":"https:\/\/telfio.com.br\/index.php?rest_route=\/wp\/v2\/product"}],"about":[{"href":"https:\/\/telfio.com.br\/index.php?rest_route=\/wp\/v2\/types\/product"}],"replies":[{"embeddable":true,"href":"https:\/\/telfio.com.br\/index.php?rest_route=%2Fwp%2Fv2%2Fcomments&post=5727"}],"wp:featuredmedia":[{"embeddable":true,"href":"https:\/\/telfio.com.br\/index.php?rest_route=\/wp\/v2\/media\/5728"}],"wp:attachment":[{"href":"https:\/\/telfio.com.br\/index.php?rest_route=%2Fwp%2Fv2%2Fmedia&parent=5727"}],"wp:term":[{"taxonomy":"product_brand","embeddable":true,"href":"https:\/\/telfio.com.br\/index.php?rest_route=%2Fwp%2Fv2%2Fproduct_brand&post=5727"},{"taxonomy":"product_cat","embeddable":true,"href":"https:\/\/telfio.com.br\/index.php?rest_route=%2Fwp%2Fv2%2Fproduct_cat&post=5727"},{"taxonomy":"product_tag","embeddable":true,"href":"https:\/\/telfio.com.br\/index.php?rest_route=%2Fwp%2Fv2%2Fproduct_tag&post=5727"}],"curies":[{"name":"wp","href":"https:\/\/api.w.org\/{rel}","templated":true}]}}