{"id":5717,"date":"2025-04-10T11:25:55","date_gmt":"2025-04-10T14:25:55","guid":{"rendered":"https:\/\/telfio.com.br\/?post_type=product&#038;p=5717"},"modified":"2025-04-10T11:25:56","modified_gmt":"2025-04-10T14:25:56","slug":"anel-guia-fita-agf-2","status":"publish","type":"product","link":"https:\/\/telfio.com.br\/?product=anel-guia-fita-agf-2","title":{"rendered":"Anel Guia Fita  Agf 2"},"content":{"rendered":"","protected":false},"excerpt":{"rendered":"<p>Utilizado para organizar fios e cabos juntamente ao poste atrav\u00e9s de fita de a\u00e7o inox, fabricado em arame galvanizado a fogo ou eletrol\u00edtico.<br \/>\nEste modelo de anel guia \u00e9 utilizado para o acabamento dos cabos de fibra \u00f3ptica tipo drop junto \u00e0 Caixa Terminal \u00d3ptica &#8211;\u00a0CTO<\/p>\n","protected":false},"featured_media":5718,"comment_status":"open","ping_status":"closed","template":"","meta":{"_joinchat":[]},"product_brand":[],"product_cat":[20],"product_tag":[],"class_list":{"0":"post-5717","1":"product","2":"type-product","3":"status-publish","4":"has-post-thumbnail","6":"product_cat-ferragens","8":"first","9":"instock","10":"shipping-taxable","11":"product-type-simple"},"_links":{"self":[{"href":"https:\/\/telfio.com.br\/index.php?rest_route=\/wp\/v2\/product\/5717","targetHints":{"allow":["GET"]}}],"collection":[{"href":"https:\/\/telfio.com.br\/index.php?rest_route=\/wp\/v2\/product"}],"about":[{"href":"https:\/\/telfio.com.br\/index.php?rest_route=\/wp\/v2\/types\/product"}],"replies":[{"embeddable":true,"href":"https:\/\/telfio.com.br\/index.php?rest_route=%2Fwp%2Fv2%2Fcomments&post=5717"}],"wp:featuredmedia":[{"embeddable":true,"href":"https:\/\/telfio.com.br\/index.php?rest_route=\/wp\/v2\/media\/5718"}],"wp:attachment":[{"href":"https:\/\/telfio.com.br\/index.php?rest_route=%2Fwp%2Fv2%2Fmedia&parent=5717"}],"wp:term":[{"taxonomy":"product_brand","embeddable":true,"href":"https:\/\/telfio.com.br\/index.php?rest_route=%2Fwp%2Fv2%2Fproduct_brand&post=5717"},{"taxonomy":"product_cat","embeddable":true,"href":"https:\/\/telfio.com.br\/index.php?rest_route=%2Fwp%2Fv2%2Fproduct_cat&post=5717"},{"taxonomy":"product_tag","embeddable":true,"href":"https:\/\/telfio.com.br\/index.php?rest_route=%2Fwp%2Fv2%2Fproduct_tag&post=5717"}],"curies":[{"name":"wp","href":"https:\/\/api.w.org\/{rel}","templated":true}]}}