{"id":5703,"date":"2025-04-10T10:25:34","date_gmt":"2025-04-10T13:25:34","guid":{"rendered":"https:\/\/telfio.com.br\/?post_type=product&#038;p=5703"},"modified":"2025-04-10T10:31:56","modified_gmt":"2025-04-10T13:31:56","slug":"caixa-de-emenda-drop-pequena","status":"publish","type":"product","link":"https:\/\/telfio.com.br\/?product=caixa-de-emenda-drop-pequena","title":{"rendered":"CAIXA DE EMENDA DROP PEQUENA"},"content":{"rendered":"","protected":false},"excerpt":{"rendered":"<p><strong>CARACTER\u00cdSTICA DO PRODUTO:<\/strong><\/p>\n<ul>\n<li>Veda\u00e7\u00e3o em Oring;<\/li>\n<li>Fechamento por click e parafuso;<\/li>\n<li>Possui espa\u00e7o para um conector SC\/APC;<\/li>\n<li>Suporta at\u00e9 6 emendas com fus\u00e3o \u00f3ptica;<\/li>\n<li>N\u00e3o sofre oxida\u00e7\u00e3o mesmo com as mudan\u00e7as clim\u00e1ticas<\/li>\n<\/ul>\n","protected":false},"featured_media":5704,"comment_status":"open","ping_status":"closed","template":"","meta":{"_joinchat":[]},"product_brand":[],"product_cat":[73],"product_tag":[],"class_list":{"0":"post-5703","1":"product","2":"type-product","3":"status-publish","4":"has-post-thumbnail","6":"product_cat-fibra","8":"first","9":"instock","10":"shipping-taxable","11":"product-type-simple"},"_links":{"self":[{"href":"https:\/\/telfio.com.br\/index.php?rest_route=\/wp\/v2\/product\/5703","targetHints":{"allow":["GET"]}}],"collection":[{"href":"https:\/\/telfio.com.br\/index.php?rest_route=\/wp\/v2\/product"}],"about":[{"href":"https:\/\/telfio.com.br\/index.php?rest_route=\/wp\/v2\/types\/product"}],"replies":[{"embeddable":true,"href":"https:\/\/telfio.com.br\/index.php?rest_route=%2Fwp%2Fv2%2Fcomments&post=5703"}],"wp:featuredmedia":[{"embeddable":true,"href":"https:\/\/telfio.com.br\/index.php?rest_route=\/wp\/v2\/media\/5704"}],"wp:attachment":[{"href":"https:\/\/telfio.com.br\/index.php?rest_route=%2Fwp%2Fv2%2Fmedia&parent=5703"}],"wp:term":[{"taxonomy":"product_brand","embeddable":true,"href":"https:\/\/telfio.com.br\/index.php?rest_route=%2Fwp%2Fv2%2Fproduct_brand&post=5703"},{"taxonomy":"product_cat","embeddable":true,"href":"https:\/\/telfio.com.br\/index.php?rest_route=%2Fwp%2Fv2%2Fproduct_cat&post=5703"},{"taxonomy":"product_tag","embeddable":true,"href":"https:\/\/telfio.com.br\/index.php?rest_route=%2Fwp%2Fv2%2Fproduct_tag&post=5703"}],"curies":[{"name":"wp","href":"https:\/\/api.w.org\/{rel}","templated":true}]}}