{"id":5699,"date":"2025-04-09T16:52:36","date_gmt":"2025-04-09T19:52:36","guid":{"rendered":"https:\/\/telfio.com.br\/?post_type=product&#038;p=5699"},"modified":"2025-04-09T16:52:36","modified_gmt":"2025-04-09T19:52:36","slug":"cabo-plastichumbo-2x-075mm-cinza","status":"publish","type":"product","link":"https:\/\/telfio.com.br\/?product=cabo-plastichumbo-2x-075mm-cinza","title":{"rendered":"Cabo plastichumbo 2x 0,75mm cinza"},"content":{"rendered":"","protected":false},"excerpt":{"rendered":"<p>Condutor com caracter\u00edsticas de n\u00e3o propaga\u00e7\u00e3o e autoextin\u00e7\u00e3o do fogo. Recomendado para circuitos internos de instala\u00e7\u00f5es fixas, \u00e0 vista, ao longo de paredes, em locais secos ou \u00famidos.<\/p>\n<p>Constru\u00e7\u00e3o: Condutor s\u00f3lido de cobre nu, t\u00eampera mole, encordoamento classe 1; Isola\u00e7\u00e3o de PVC\/A 70\u00b0C &#8211; composto termopl\u00e1stico extrudado \u00e0 base de policloreto de vinila, com caracter\u00edsticas especiais para n\u00e3o propaga\u00e7\u00e3o e autoextin\u00e7\u00e3o do fogo; Cobertura de PVC\/A 70\u00b0C &#8211; composto termopl\u00e1stico extrudado \u00e0 base de policloreto de vinila com caracter\u00edsticas especiais para n\u00e3o propaga\u00e7\u00e3o e autoextin\u00e7\u00e3o do fogo.<\/p>\n","protected":false},"featured_media":5700,"comment_status":"open","ping_status":"closed","template":"","meta":{"_joinchat":[]},"product_brand":[],"product_cat":[18],"product_tag":[],"class_list":{"0":"post-5699","1":"product","2":"type-product","3":"status-publish","4":"has-post-thumbnail","6":"product_cat-fios","8":"first","9":"instock","10":"shipping-taxable","11":"product-type-simple"},"_links":{"self":[{"href":"https:\/\/telfio.com.br\/index.php?rest_route=\/wp\/v2\/product\/5699","targetHints":{"allow":["GET"]}}],"collection":[{"href":"https:\/\/telfio.com.br\/index.php?rest_route=\/wp\/v2\/product"}],"about":[{"href":"https:\/\/telfio.com.br\/index.php?rest_route=\/wp\/v2\/types\/product"}],"replies":[{"embeddable":true,"href":"https:\/\/telfio.com.br\/index.php?rest_route=%2Fwp%2Fv2%2Fcomments&post=5699"}],"wp:featuredmedia":[{"embeddable":true,"href":"https:\/\/telfio.com.br\/index.php?rest_route=\/wp\/v2\/media\/5700"}],"wp:attachment":[{"href":"https:\/\/telfio.com.br\/index.php?rest_route=%2Fwp%2Fv2%2Fmedia&parent=5699"}],"wp:term":[{"taxonomy":"product_brand","embeddable":true,"href":"https:\/\/telfio.com.br\/index.php?rest_route=%2Fwp%2Fv2%2Fproduct_brand&post=5699"},{"taxonomy":"product_cat","embeddable":true,"href":"https:\/\/telfio.com.br\/index.php?rest_route=%2Fwp%2Fv2%2Fproduct_cat&post=5699"},{"taxonomy":"product_tag","embeddable":true,"href":"https:\/\/telfio.com.br\/index.php?rest_route=%2Fwp%2Fv2%2Fproduct_tag&post=5699"}],"curies":[{"name":"wp","href":"https:\/\/api.w.org\/{rel}","templated":true}]}}