{"id":5692,"date":"2025-04-08T16:34:30","date_gmt":"2025-04-08T19:34:30","guid":{"rendered":"https:\/\/telfio.com.br\/?post_type=product&#038;p=5692"},"modified":"2025-04-08T16:34:31","modified_gmt":"2025-04-08T19:34:31","slug":"alca-pre-formada-para-cordoalha-aco-48mm","status":"publish","type":"product","link":"https:\/\/telfio.com.br\/?product=alca-pre-formada-para-cordoalha-aco-48mm","title":{"rendered":"AL\u00c7A PRE FORMADA PARA CORDOALHA A\u00c7O 4,8mm"},"content":{"rendered":"","protected":false},"excerpt":{"rendered":"<h2 class=\"descricao_produto\">Al\u00e7a pr\u00e9-formada \u00e9 utilizada para ancoragem de cordoalhas de a\u00e7o ou cabos revestidos de alum\u00ednio. Fabricada em a\u00e7o galvanizado, prezando resist\u00eancia e qualidade do produto. Al\u00e7a \u00e9 instalada em pontos onde h\u00e1 tra\u00e7\u00e3o, ou seja, no in\u00edcio e no final da rede, ou em uma ancoragem em poste, utilizando um suporte SUPA, roldanas, bap, cabos de espinar entre outros produtos<\/h2>\n","protected":false},"featured_media":5693,"comment_status":"open","ping_status":"closed","template":"","meta":{"_joinchat":[]},"product_brand":[],"product_cat":[21],"product_tag":[],"class_list":{"0":"post-5692","1":"product","2":"type-product","3":"status-publish","4":"has-post-thumbnail","6":"product_cat-preformados","8":"first","9":"instock","10":"shipping-taxable","11":"product-type-simple"},"_links":{"self":[{"href":"https:\/\/telfio.com.br\/index.php?rest_route=\/wp\/v2\/product\/5692","targetHints":{"allow":["GET"]}}],"collection":[{"href":"https:\/\/telfio.com.br\/index.php?rest_route=\/wp\/v2\/product"}],"about":[{"href":"https:\/\/telfio.com.br\/index.php?rest_route=\/wp\/v2\/types\/product"}],"replies":[{"embeddable":true,"href":"https:\/\/telfio.com.br\/index.php?rest_route=%2Fwp%2Fv2%2Fcomments&post=5692"}],"wp:featuredmedia":[{"embeddable":true,"href":"https:\/\/telfio.com.br\/index.php?rest_route=\/wp\/v2\/media\/5693"}],"wp:attachment":[{"href":"https:\/\/telfio.com.br\/index.php?rest_route=%2Fwp%2Fv2%2Fmedia&parent=5692"}],"wp:term":[{"taxonomy":"product_brand","embeddable":true,"href":"https:\/\/telfio.com.br\/index.php?rest_route=%2Fwp%2Fv2%2Fproduct_brand&post=5692"},{"taxonomy":"product_cat","embeddable":true,"href":"https:\/\/telfio.com.br\/index.php?rest_route=%2Fwp%2Fv2%2Fproduct_cat&post=5692"},{"taxonomy":"product_tag","embeddable":true,"href":"https:\/\/telfio.com.br\/index.php?rest_route=%2Fwp%2Fv2%2Fproduct_tag&post=5692"}],"curies":[{"name":"wp","href":"https:\/\/api.w.org\/{rel}","templated":true}]}}