{"id":5689,"date":"2025-04-08T16:27:00","date_gmt":"2025-04-08T19:27:00","guid":{"rendered":"https:\/\/telfio.com.br\/?post_type=product&#038;p=5689"},"modified":"2025-04-09T10:32:11","modified_gmt":"2025-04-09T13:32:11","slug":"alca-preformada-fio-fe","status":"publish","type":"product","link":"https:\/\/telfio.com.br\/?product=alca-preformada-fio-fe","title":{"rendered":"AL\u00c7A PREFORMADA FIO FE"},"content":{"rendered":"","protected":false},"excerpt":{"rendered":"<p>al\u00e7a para Fio FE 100\/160, \u00e9 utilizada em redes externas de telecomunica\u00e7\u00f5es, para ancorar o cabo no poste, assim podendo realizar seu lan\u00e7amento de acordo com projeto e instala\u00e7\u00e3o de telefonia no assinante final.<\/p>\n","protected":false},"featured_media":5690,"comment_status":"open","ping_status":"closed","template":"","meta":{"_joinchat":[]},"product_brand":[],"product_cat":[21],"product_tag":[],"class_list":{"0":"post-5689","1":"product","2":"type-product","3":"status-publish","4":"has-post-thumbnail","6":"product_cat-preformados","8":"first","9":"instock","10":"shipping-taxable","11":"product-type-simple"},"_links":{"self":[{"href":"https:\/\/telfio.com.br\/index.php?rest_route=\/wp\/v2\/product\/5689","targetHints":{"allow":["GET"]}}],"collection":[{"href":"https:\/\/telfio.com.br\/index.php?rest_route=\/wp\/v2\/product"}],"about":[{"href":"https:\/\/telfio.com.br\/index.php?rest_route=\/wp\/v2\/types\/product"}],"replies":[{"embeddable":true,"href":"https:\/\/telfio.com.br\/index.php?rest_route=%2Fwp%2Fv2%2Fcomments&post=5689"}],"wp:featuredmedia":[{"embeddable":true,"href":"https:\/\/telfio.com.br\/index.php?rest_route=\/wp\/v2\/media\/5690"}],"wp:attachment":[{"href":"https:\/\/telfio.com.br\/index.php?rest_route=%2Fwp%2Fv2%2Fmedia&parent=5689"}],"wp:term":[{"taxonomy":"product_brand","embeddable":true,"href":"https:\/\/telfio.com.br\/index.php?rest_route=%2Fwp%2Fv2%2Fproduct_brand&post=5689"},{"taxonomy":"product_cat","embeddable":true,"href":"https:\/\/telfio.com.br\/index.php?rest_route=%2Fwp%2Fv2%2Fproduct_cat&post=5689"},{"taxonomy":"product_tag","embeddable":true,"href":"https:\/\/telfio.com.br\/index.php?rest_route=%2Fwp%2Fv2%2Fproduct_tag&post=5689"}],"curies":[{"name":"wp","href":"https:\/\/api.w.org\/{rel}","templated":true}]}}