{"id":5682,"date":"2025-04-08T16:12:53","date_gmt":"2025-04-08T19:12:53","guid":{"rendered":"https:\/\/telfio.com.br\/?post_type=product&#038;p=5682"},"modified":"2025-04-09T10:37:16","modified_gmt":"2025-04-09T13:37:16","slug":"alca-preformada-cabos-de-640-a-740mm-3fios-br-aco","status":"publish","type":"product","link":"https:\/\/telfio.com.br\/?product=alca-preformada-cabos-de-640-a-740mm-3fios-br-aco","title":{"rendered":"ALCA PREFORMADA CABOS DE 6,40 A 7,40MM &#8211; 3FIOS- BR &#8211; A\u00c7O-"},"content":{"rendered":"","protected":false},"excerpt":{"rendered":"<p>Al\u00e7a pr\u00e9-formada para cabos \u00f3pticos \u00e9 utilizada para ancoragem e sustenta\u00e7\u00e3o. Fabricada fios de a\u00e7o.\u00a0\u00e9 instalada em pontos onde h\u00e1 tra\u00e7\u00e3o, ou seja, no in\u00edcio e no final da rede, ou em uma ancoragem em poste, utilizando um suporte SUPA, roldanas, bap, cabos de espinar entre outros produtos.<\/p>\n","protected":false},"featured_media":5684,"comment_status":"open","ping_status":"closed","template":"","meta":{"_joinchat":[]},"product_brand":[],"product_cat":[21],"product_tag":[],"class_list":{"0":"post-5682","1":"product","2":"type-product","3":"status-publish","4":"has-post-thumbnail","6":"product_cat-preformados","8":"first","9":"instock","10":"shipping-taxable","11":"product-type-simple"},"_links":{"self":[{"href":"https:\/\/telfio.com.br\/index.php?rest_route=\/wp\/v2\/product\/5682","targetHints":{"allow":["GET"]}}],"collection":[{"href":"https:\/\/telfio.com.br\/index.php?rest_route=\/wp\/v2\/product"}],"about":[{"href":"https:\/\/telfio.com.br\/index.php?rest_route=\/wp\/v2\/types\/product"}],"replies":[{"embeddable":true,"href":"https:\/\/telfio.com.br\/index.php?rest_route=%2Fwp%2Fv2%2Fcomments&post=5682"}],"wp:featuredmedia":[{"embeddable":true,"href":"https:\/\/telfio.com.br\/index.php?rest_route=\/wp\/v2\/media\/5684"}],"wp:attachment":[{"href":"https:\/\/telfio.com.br\/index.php?rest_route=%2Fwp%2Fv2%2Fmedia&parent=5682"}],"wp:term":[{"taxonomy":"product_brand","embeddable":true,"href":"https:\/\/telfio.com.br\/index.php?rest_route=%2Fwp%2Fv2%2Fproduct_brand&post=5682"},{"taxonomy":"product_cat","embeddable":true,"href":"https:\/\/telfio.com.br\/index.php?rest_route=%2Fwp%2Fv2%2Fproduct_cat&post=5682"},{"taxonomy":"product_tag","embeddable":true,"href":"https:\/\/telfio.com.br\/index.php?rest_route=%2Fwp%2Fv2%2Fproduct_tag&post=5682"}],"curies":[{"name":"wp","href":"https:\/\/api.w.org\/{rel}","templated":true}]}}