{"id":5670,"date":"2025-04-04T16:46:33","date_gmt":"2025-04-04T19:46:33","guid":{"rendered":"http:\/\/telfio.com.br\/?post_type=product&#038;p=5670"},"modified":"2025-05-30T09:02:33","modified_gmt":"2025-05-30T12:02:33","slug":"cabo-optico-cfoa-sm-ddr-s-12fo-e-24-fo","status":"publish","type":"product","link":"https:\/\/telfio.com.br\/?product=cabo-optico-cfoa-sm-ddr-s-12fo-e-24-fo","title":{"rendered":"CABO FIBRA \u00d3PTICA CFOA-SM-DDR-S FURUKAWA  06fo ,12Fo e 24 fo"},"content":{"rendered":"","protected":false},"excerpt":{"rendered":"<p>Cabo \u00d3ptico Diel\u00e9trico com Fibra Monomodo recomendado para instala\u00e7\u00f5es externas em linhas de produtos. Constitu\u00eddo por tubos encordoados (\u201ctubo loose\u201d) preenchidos com geleia, elemento central, elemento tra\u00e7\u00e3o diel\u00e9trico, n\u00facleo protegido contra penetra\u00e7\u00e3o de umidade. Fibras diel\u00e9tricas s\u00e3o utilizados como prote\u00e7\u00e3o adicional contra roedores, todo o conjunto ser\u00e1 protegido por uma capa externa de material termopl\u00e1stico resistente a intemp\u00e9ries.<\/p>\n<p>&nbsp;<\/p>\n<ul>\n<li>Modelo: CFOA-DDR<\/li>\n<li>Certificado na ANATEL<\/li>\n<li>Norma aplic\u00e1vel: ABNT NBR 14773- \u2018Cabo \u00f3ptico diel\u00e9trico protegido contra o ataque de roedores para aplica\u00e7\u00e3o em linha de dutos\u2019<\/li>\n<li>Cabo de fibras \u00f3pticas de distribui\u00e7\u00e3o\/backbone<\/li>\n<li>Ambiente de Instala\u00e7\u00e3o: Interno\/Externo<\/li>\n<li>Prote\u00e7\u00e3o Anti-UV<\/li>\n<li>Prote\u00e7\u00e3o Contra Roedores: Fibra de Vidro (PFV)<\/li>\n<li>Tipo de N\u00facleo: Seco<\/li>\n<li>Tipo de fibra \u00f3ptica: SM G.652 (monomodo)<\/li>\n<li>Constru\u00e7\u00e3o: Tubo Loose<\/li>\n<li>Padr\u00e3o de Cores dos Tubos: ABNT<\/li>\n<li>Classe de Flamabilidade: Baixa Emiss\u00e3o de Fuma\u00e7a e Zero Hal\u00f3geno \u2013 LSZH<\/li>\n<li>N\u00famero de fibras: 12 e 24 fo<\/li>\n<\/ul>\n","protected":false},"featured_media":5676,"comment_status":"open","ping_status":"closed","template":"","meta":{"_joinchat":[]},"product_brand":[],"product_cat":[73],"product_tag":[],"class_list":{"0":"post-5670","1":"product","2":"type-product","3":"status-publish","4":"has-post-thumbnail","6":"product_cat-fibra","8":"first","9":"instock","10":"shipping-taxable","11":"product-type-simple"},"_links":{"self":[{"href":"https:\/\/telfio.com.br\/index.php?rest_route=\/wp\/v2\/product\/5670","targetHints":{"allow":["GET"]}}],"collection":[{"href":"https:\/\/telfio.com.br\/index.php?rest_route=\/wp\/v2\/product"}],"about":[{"href":"https:\/\/telfio.com.br\/index.php?rest_route=\/wp\/v2\/types\/product"}],"replies":[{"embeddable":true,"href":"https:\/\/telfio.com.br\/index.php?rest_route=%2Fwp%2Fv2%2Fcomments&post=5670"}],"wp:featuredmedia":[{"embeddable":true,"href":"https:\/\/telfio.com.br\/index.php?rest_route=\/wp\/v2\/media\/5676"}],"wp:attachment":[{"href":"https:\/\/telfio.com.br\/index.php?rest_route=%2Fwp%2Fv2%2Fmedia&parent=5670"}],"wp:term":[{"taxonomy":"product_brand","embeddable":true,"href":"https:\/\/telfio.com.br\/index.php?rest_route=%2Fwp%2Fv2%2Fproduct_brand&post=5670"},{"taxonomy":"product_cat","embeddable":true,"href":"https:\/\/telfio.com.br\/index.php?rest_route=%2Fwp%2Fv2%2Fproduct_cat&post=5670"},{"taxonomy":"product_tag","embeddable":true,"href":"https:\/\/telfio.com.br\/index.php?rest_route=%2Fwp%2Fv2%2Fproduct_tag&post=5670"}],"curies":[{"name":"wp","href":"https:\/\/api.w.org\/{rel}","templated":true}]}}