{"id":5663,"date":"2025-04-01T15:05:41","date_gmt":"2025-04-01T18:05:41","guid":{"rendered":"https:\/\/telfio.com.br\/?post_type=product&#038;p=5663"},"modified":"2025-04-01T15:05:41","modified_gmt":"2025-04-01T18:05:41","slug":"caixas-de-telefonia-dg-embutir-e-sobrepor","status":"publish","type":"product","link":"https:\/\/telfio.com.br\/?product=caixas-de-telefonia-dg-embutir-e-sobrepor","title":{"rendered":"Caixas de Telefonia( DG) embutir e sobrepor"},"content":{"rendered":"","protected":false},"excerpt":{"rendered":"<p>Caixa Para Telefone Padr\u00e3o em <strong>Diversas Medidas<\/strong><br \/>\nAplica\u00e7\u00e3o: Nas \u00c1reas Industriais, Residenciais, Comerciais, Prediais Dentro Do Sistema Telebr\u00e1s.<br \/>\nConfeccionado Em Chapa De A\u00e7o<br \/>\nTratamento Anti-Corrosivo (Desengraxe E Fosfatiza\u00e7\u00e3o A Base De Fosfato De Ferro)<br \/>\nPintura Eletrost\u00e1tica A P\u00f3<br \/>\nPorta Com Ventila\u00e7\u00e3o Frontal<\/p>\n<p>Ideal para passagem ou acomodar fios e cabos (el\u00e9tricos, telefone, TV a cabo ou antena) entre os andares de pr\u00e9dios, condom\u00ednios , casas em geral e muito mais<\/p>\n","protected":false},"featured_media":5665,"comment_status":"open","ping_status":"closed","template":"","meta":{"_joinchat":[]},"product_brand":[],"product_cat":[19],"product_tag":[],"class_list":{"0":"post-5663","1":"product","2":"type-product","3":"status-publish","4":"has-post-thumbnail","6":"product_cat-diversos","8":"first","9":"instock","10":"shipping-taxable","11":"product-type-simple"},"_links":{"self":[{"href":"https:\/\/telfio.com.br\/index.php?rest_route=\/wp\/v2\/product\/5663","targetHints":{"allow":["GET"]}}],"collection":[{"href":"https:\/\/telfio.com.br\/index.php?rest_route=\/wp\/v2\/product"}],"about":[{"href":"https:\/\/telfio.com.br\/index.php?rest_route=\/wp\/v2\/types\/product"}],"replies":[{"embeddable":true,"href":"https:\/\/telfio.com.br\/index.php?rest_route=%2Fwp%2Fv2%2Fcomments&post=5663"}],"wp:featuredmedia":[{"embeddable":true,"href":"https:\/\/telfio.com.br\/index.php?rest_route=\/wp\/v2\/media\/5665"}],"wp:attachment":[{"href":"https:\/\/telfio.com.br\/index.php?rest_route=%2Fwp%2Fv2%2Fmedia&parent=5663"}],"wp:term":[{"taxonomy":"product_brand","embeddable":true,"href":"https:\/\/telfio.com.br\/index.php?rest_route=%2Fwp%2Fv2%2Fproduct_brand&post=5663"},{"taxonomy":"product_cat","embeddable":true,"href":"https:\/\/telfio.com.br\/index.php?rest_route=%2Fwp%2Fv2%2Fproduct_cat&post=5663"},{"taxonomy":"product_tag","embeddable":true,"href":"https:\/\/telfio.com.br\/index.php?rest_route=%2Fwp%2Fv2%2Fproduct_tag&post=5663"}],"curies":[{"name":"wp","href":"https:\/\/api.w.org\/{rel}","templated":true}]}}