{"id":5640,"date":"2025-03-21T16:29:25","date_gmt":"2025-03-21T19:29:25","guid":{"rendered":"https:\/\/telfio.com.br\/?post_type=product&#038;p=5640"},"modified":"2025-03-21T16:29:25","modified_gmt":"2025-03-21T19:29:25","slug":"caixa-de-emenda-ceash-4","status":"publish","type":"product","link":"https:\/\/telfio.com.br\/?product=caixa-de-emenda-ceash-4","title":{"rendered":"Caixa de emenda CEASH 4"},"content":{"rendered":"","protected":false},"excerpt":{"rendered":"<p>A caixa de emenda a\u00e9rea selada horizontal, CEASH, foi desenvolvida para proteger e acomodar pares met\u00e1licos interligados pelos mais variados tipos de conectores. Tamb\u00e9m oferece a possibilidade de total prote\u00e7\u00e3o da emenda contra danos ambientais. (Esse produto permite total estanqueidade \u00e0 emenda).<\/p>\n<p>Para selar ou fechar a unidade, a CEASH possui um dispositivo que dispensa o uso de quaisquer ferramentas especiais ou esfor\u00e7os adicionais. Esse produto foi especialmente projetado para proteger emendas, sendo adequado para instala\u00e7\u00e3o em novas redes ou j\u00e1 existentes. A CEASH pode tamb\u00e9m ser utilizada em cabos a\u00e9reos e subterr\u00e2neos n\u00e3o pressurizados e ainda oferece altos n\u00edveis de seguran\u00e7a e veda\u00e7\u00e3o<\/p>\n","protected":false},"featured_media":5642,"comment_status":"open","ping_status":"closed","template":"","meta":{"_joinchat":[]},"product_brand":[],"product_cat":[17],"product_tag":[],"class_list":{"0":"post-5640","1":"product","2":"type-product","3":"status-publish","4":"has-post-thumbnail","6":"product_cat-injetados","8":"first","9":"instock","10":"shipping-taxable","11":"product-type-simple"},"_links":{"self":[{"href":"https:\/\/telfio.com.br\/index.php?rest_route=\/wp\/v2\/product\/5640","targetHints":{"allow":["GET"]}}],"collection":[{"href":"https:\/\/telfio.com.br\/index.php?rest_route=\/wp\/v2\/product"}],"about":[{"href":"https:\/\/telfio.com.br\/index.php?rest_route=\/wp\/v2\/types\/product"}],"replies":[{"embeddable":true,"href":"https:\/\/telfio.com.br\/index.php?rest_route=%2Fwp%2Fv2%2Fcomments&post=5640"}],"wp:featuredmedia":[{"embeddable":true,"href":"https:\/\/telfio.com.br\/index.php?rest_route=\/wp\/v2\/media\/5642"}],"wp:attachment":[{"href":"https:\/\/telfio.com.br\/index.php?rest_route=%2Fwp%2Fv2%2Fmedia&parent=5640"}],"wp:term":[{"taxonomy":"product_brand","embeddable":true,"href":"https:\/\/telfio.com.br\/index.php?rest_route=%2Fwp%2Fv2%2Fproduct_brand&post=5640"},{"taxonomy":"product_cat","embeddable":true,"href":"https:\/\/telfio.com.br\/index.php?rest_route=%2Fwp%2Fv2%2Fproduct_cat&post=5640"},{"taxonomy":"product_tag","embeddable":true,"href":"https:\/\/telfio.com.br\/index.php?rest_route=%2Fwp%2Fv2%2Fproduct_tag&post=5640"}],"curies":[{"name":"wp","href":"https:\/\/api.w.org\/{rel}","templated":true}]}}