{"id":5634,"date":"2025-01-28T09:59:53","date_gmt":"2025-01-28T12:59:53","guid":{"rendered":"https:\/\/telfio.com.br\/?post_type=product&#038;p=5634"},"modified":"2025-01-28T09:59:54","modified_gmt":"2025-01-28T12:59:54","slug":"kit-ferramentas-fibra-optica","status":"publish","type":"product","link":"https:\/\/telfio.com.br\/?product=kit-ferramentas-fibra-optica","title":{"rendered":"Kit Ferramentas Fibra \u00d3ptica"},"content":{"rendered":"","protected":false},"excerpt":{"rendered":"<p>Kit Fibra Optica Ftth Power Meter \/ Caneta\u00a0 \/ Clivador FC- \/ Alicate decapagem \/ Alicate Fibra \u00d3ptica<\/p>\n<p>Itens Inclusos:<\/p>\n<p>1 Clivador FC-6S<br \/>\n1 Medidor de pot\u00eancia \u00f3ptica de 1 x com conex\u00e3o SC FC ST<br \/>\n1 Identificador Visual de Falhas (caneta \u00f3tica) 10km<br \/>\n1 Recept\u00e1culo para \u00e1lcool Isoprop\u00edlico<br \/>\n1 Alicate Decapador<br \/>\n1 Alicate Descascador (Fibra Drop)<br \/>\n1 Chaves Allen<br \/>\n1 Gabarito de conectoriza\u00e7\u00e3o (Azul)<br \/>\n1 Bolsa para clivador<br \/>\n1 Bolsa para o kit<\/p>\n","protected":false},"featured_media":5635,"comment_status":"open","ping_status":"closed","template":"","meta":{"_joinchat":[]},"product_brand":[],"product_cat":[73],"product_tag":[],"class_list":{"0":"post-5634","1":"product","2":"type-product","3":"status-publish","4":"has-post-thumbnail","6":"product_cat-fibra","8":"first","9":"instock","10":"shipping-taxable","11":"product-type-simple"},"_links":{"self":[{"href":"https:\/\/telfio.com.br\/index.php?rest_route=\/wp\/v2\/product\/5634","targetHints":{"allow":["GET"]}}],"collection":[{"href":"https:\/\/telfio.com.br\/index.php?rest_route=\/wp\/v2\/product"}],"about":[{"href":"https:\/\/telfio.com.br\/index.php?rest_route=\/wp\/v2\/types\/product"}],"replies":[{"embeddable":true,"href":"https:\/\/telfio.com.br\/index.php?rest_route=%2Fwp%2Fv2%2Fcomments&post=5634"}],"wp:featuredmedia":[{"embeddable":true,"href":"https:\/\/telfio.com.br\/index.php?rest_route=\/wp\/v2\/media\/5635"}],"wp:attachment":[{"href":"https:\/\/telfio.com.br\/index.php?rest_route=%2Fwp%2Fv2%2Fmedia&parent=5634"}],"wp:term":[{"taxonomy":"product_brand","embeddable":true,"href":"https:\/\/telfio.com.br\/index.php?rest_route=%2Fwp%2Fv2%2Fproduct_brand&post=5634"},{"taxonomy":"product_cat","embeddable":true,"href":"https:\/\/telfio.com.br\/index.php?rest_route=%2Fwp%2Fv2%2Fproduct_cat&post=5634"},{"taxonomy":"product_tag","embeddable":true,"href":"https:\/\/telfio.com.br\/index.php?rest_route=%2Fwp%2Fv2%2Fproduct_tag&post=5634"}],"curies":[{"name":"wp","href":"https:\/\/api.w.org\/{rel}","templated":true}]}}