{"id":5598,"date":"2024-11-22T16:06:04","date_gmt":"2024-11-22T19:06:04","guid":{"rendered":"https:\/\/telfio.com.br\/?post_type=product&#038;p=5598"},"modified":"2024-11-22T16:06:04","modified_gmt":"2024-11-22T19:06:04","slug":"caixa-de-emenda-optica-fist-gco2-16b-144-fibras-commscope","status":"publish","type":"product","link":"https:\/\/telfio.com.br\/?product=caixa-de-emenda-optica-fist-gco2-16b-144-fibras-commscope","title":{"rendered":"Caixa De Emenda Optica Fist Gco2-16b 144 Fibras Commscope"},"content":{"rendered":"","protected":false},"excerpt":{"rendered":"<p>O Conjunto de emenda \u00f3ptico FIST-GCO2 \u00e9 um conjunto ambientalmente selado com sistema de gerenciamento de fibra FIST permitindo a integra\u00e7\u00e3o de emendas e componentes passivos na rede externa.<\/p>\n","protected":false},"featured_media":5600,"comment_status":"open","ping_status":"closed","template":"","meta":{"_joinchat":[]},"product_brand":[],"product_cat":[73],"product_tag":[],"class_list":{"0":"post-5598","1":"product","2":"type-product","3":"status-publish","4":"has-post-thumbnail","6":"product_cat-fibra","8":"first","9":"instock","10":"shipping-taxable","11":"product-type-simple"},"_links":{"self":[{"href":"https:\/\/telfio.com.br\/index.php?rest_route=\/wp\/v2\/product\/5598","targetHints":{"allow":["GET"]}}],"collection":[{"href":"https:\/\/telfio.com.br\/index.php?rest_route=\/wp\/v2\/product"}],"about":[{"href":"https:\/\/telfio.com.br\/index.php?rest_route=\/wp\/v2\/types\/product"}],"replies":[{"embeddable":true,"href":"https:\/\/telfio.com.br\/index.php?rest_route=%2Fwp%2Fv2%2Fcomments&post=5598"}],"wp:featuredmedia":[{"embeddable":true,"href":"https:\/\/telfio.com.br\/index.php?rest_route=\/wp\/v2\/media\/5600"}],"wp:attachment":[{"href":"https:\/\/telfio.com.br\/index.php?rest_route=%2Fwp%2Fv2%2Fmedia&parent=5598"}],"wp:term":[{"taxonomy":"product_brand","embeddable":true,"href":"https:\/\/telfio.com.br\/index.php?rest_route=%2Fwp%2Fv2%2Fproduct_brand&post=5598"},{"taxonomy":"product_cat","embeddable":true,"href":"https:\/\/telfio.com.br\/index.php?rest_route=%2Fwp%2Fv2%2Fproduct_cat&post=5598"},{"taxonomy":"product_tag","embeddable":true,"href":"https:\/\/telfio.com.br\/index.php?rest_route=%2Fwp%2Fv2%2Fproduct_tag&post=5598"}],"curies":[{"name":"wp","href":"https:\/\/api.w.org\/{rel}","templated":true}]}}