{"id":5545,"date":"2024-11-07T10:42:27","date_gmt":"2024-11-07T13:42:27","guid":{"rendered":"https:\/\/telfio.com.br\/?post_type=product&#038;p=5545"},"modified":"2024-11-07T10:42:28","modified_gmt":"2024-11-07T13:42:28","slug":"interfone-terminal-dedicado-tdmi-300","status":"publish","type":"product","link":"https:\/\/telfio.com.br\/?product=interfone-terminal-dedicado-tdmi-300","title":{"rendered":"Interfone Terminal Dedicado TDMI 300"},"content":{"rendered":"","protected":false},"excerpt":{"rendered":"<p>O terminal TDMI 300 \u00e9 uma \u00f3tima op\u00e7\u00e3o para uso em sistemas de comunica\u00e7\u00e3o e controle de acesso para condom\u00ednios<\/p>\n<p>Tecla de discagem r\u00e1pida, que permite a realiza\u00e7\u00e3o de chamadas diretamente para o porteiro na guarita<\/p>\n<p>Abre o port\u00e3o com um simples clique, sem a necessidade das linhas de comando<\/p>\n","protected":false},"featured_media":5546,"comment_status":"open","ping_status":"closed","template":"","meta":{"_joinchat":[]},"product_brand":[],"product_cat":[19],"product_tag":[],"class_list":{"0":"post-5545","1":"product","2":"type-product","3":"status-publish","4":"has-post-thumbnail","6":"product_cat-diversos","8":"first","9":"instock","10":"shipping-taxable","11":"product-type-simple"},"_links":{"self":[{"href":"https:\/\/telfio.com.br\/index.php?rest_route=\/wp\/v2\/product\/5545","targetHints":{"allow":["GET"]}}],"collection":[{"href":"https:\/\/telfio.com.br\/index.php?rest_route=\/wp\/v2\/product"}],"about":[{"href":"https:\/\/telfio.com.br\/index.php?rest_route=\/wp\/v2\/types\/product"}],"replies":[{"embeddable":true,"href":"https:\/\/telfio.com.br\/index.php?rest_route=%2Fwp%2Fv2%2Fcomments&post=5545"}],"wp:featuredmedia":[{"embeddable":true,"href":"https:\/\/telfio.com.br\/index.php?rest_route=\/wp\/v2\/media\/5546"}],"wp:attachment":[{"href":"https:\/\/telfio.com.br\/index.php?rest_route=%2Fwp%2Fv2%2Fmedia&parent=5545"}],"wp:term":[{"taxonomy":"product_brand","embeddable":true,"href":"https:\/\/telfio.com.br\/index.php?rest_route=%2Fwp%2Fv2%2Fproduct_brand&post=5545"},{"taxonomy":"product_cat","embeddable":true,"href":"https:\/\/telfio.com.br\/index.php?rest_route=%2Fwp%2Fv2%2Fproduct_cat&post=5545"},{"taxonomy":"product_tag","embeddable":true,"href":"https:\/\/telfio.com.br\/index.php?rest_route=%2Fwp%2Fv2%2Fproduct_tag&post=5545"}],"curies":[{"name":"wp","href":"https:\/\/api.w.org\/{rel}","templated":true}]}}