{"id":5534,"date":"2024-10-16T11:08:07","date_gmt":"2024-10-16T14:08:07","guid":{"rendered":"https:\/\/telfio.com.br\/?post_type=product&#038;p=5534"},"modified":"2024-10-16T11:08:07","modified_gmt":"2024-10-16T14:08:07","slug":"bloco-m10-b","status":"publish","type":"product","link":"https:\/\/telfio.com.br\/?product=bloco-m10-b","title":{"rendered":"Bloco M10 B"},"content":{"rendered":"","protected":false},"excerpt":{"rendered":"<p>Bloco de Engate R\u00e1pido para Telefonia do tipo M10, com 10 Pares, Tripolar, contato IDC 110, para instala\u00e7\u00e3o em Bastidor Chato<br \/>\nWT-1001A \u2013 Com Corte \/ Normalmente Fechado ( Disconect NF ) Contato em Bronze com Banho de Estanho<br \/>\nRede interna e externa<br \/>\nAceita fios com bitola 0,40 ~ 0,65mm<\/p>\n","protected":false},"featured_media":5535,"comment_status":"open","ping_status":"closed","template":"","meta":{"_joinchat":[]},"product_brand":[],"product_cat":[19],"product_tag":[],"class_list":{"0":"post-5534","1":"product","2":"type-product","3":"status-publish","4":"has-post-thumbnail","6":"product_cat-diversos","8":"first","9":"instock","10":"shipping-taxable","11":"product-type-simple"},"_links":{"self":[{"href":"https:\/\/telfio.com.br\/index.php?rest_route=\/wp\/v2\/product\/5534","targetHints":{"allow":["GET"]}}],"collection":[{"href":"https:\/\/telfio.com.br\/index.php?rest_route=\/wp\/v2\/product"}],"about":[{"href":"https:\/\/telfio.com.br\/index.php?rest_route=\/wp\/v2\/types\/product"}],"replies":[{"embeddable":true,"href":"https:\/\/telfio.com.br\/index.php?rest_route=%2Fwp%2Fv2%2Fcomments&post=5534"}],"wp:featuredmedia":[{"embeddable":true,"href":"https:\/\/telfio.com.br\/index.php?rest_route=\/wp\/v2\/media\/5535"}],"wp:attachment":[{"href":"https:\/\/telfio.com.br\/index.php?rest_route=%2Fwp%2Fv2%2Fmedia&parent=5534"}],"wp:term":[{"taxonomy":"product_brand","embeddable":true,"href":"https:\/\/telfio.com.br\/index.php?rest_route=%2Fwp%2Fv2%2Fproduct_brand&post=5534"},{"taxonomy":"product_cat","embeddable":true,"href":"https:\/\/telfio.com.br\/index.php?rest_route=%2Fwp%2Fv2%2Fproduct_cat&post=5534"},{"taxonomy":"product_tag","embeddable":true,"href":"https:\/\/telfio.com.br\/index.php?rest_route=%2Fwp%2Fv2%2Fproduct_tag&post=5534"}],"curies":[{"name":"wp","href":"https:\/\/api.w.org\/{rel}","templated":true}]}}