{"id":5527,"date":"2024-10-15T10:50:48","date_gmt":"2024-10-15T13:50:48","guid":{"rendered":"https:\/\/telfio.com.br\/?post_type=product&#038;p=5527"},"modified":"2024-10-15T10:50:49","modified_gmt":"2024-10-15T13:50:49","slug":"maquina-de-cintar-e-cortar-fita-de-aco-para-poste","status":"publish","type":"product","link":"https:\/\/telfio.com.br\/?product=maquina-de-cintar-e-cortar-fita-de-aco-para-poste","title":{"rendered":"M\u00e1quina De Cintar E Cortar Fita De A\u00e7o Para Poste"},"content":{"rendered":"","protected":false},"excerpt":{"rendered":"<p>M\u00e1quina de Cintar e Cortar Fita de A\u00e7o , utilizada para a coloca\u00e7\u00e3o de fita de a\u00e7o inox em postes para medidas de 3\/16&#8243; a 1\/4. Esta m\u00e1quina \u00e9 muito vers\u00e1til e robusta, sendo um material ideal para provedores de internet e empresas de telecomunica\u00e7\u00f5es. \u00c9 utilizada para fixar equipamentos de telecomunica\u00e7\u00f5es aos postes, caixas terminais, roldanas, etc.<\/p>\n","protected":false},"featured_media":5528,"comment_status":"open","ping_status":"closed","template":"","meta":{"_joinchat":[]},"product_brand":[],"product_cat":[19],"product_tag":[],"class_list":{"0":"post-5527","1":"product","2":"type-product","3":"status-publish","4":"has-post-thumbnail","6":"product_cat-diversos","8":"first","9":"instock","10":"shipping-taxable","11":"product-type-simple"},"_links":{"self":[{"href":"https:\/\/telfio.com.br\/index.php?rest_route=\/wp\/v2\/product\/5527","targetHints":{"allow":["GET"]}}],"collection":[{"href":"https:\/\/telfio.com.br\/index.php?rest_route=\/wp\/v2\/product"}],"about":[{"href":"https:\/\/telfio.com.br\/index.php?rest_route=\/wp\/v2\/types\/product"}],"replies":[{"embeddable":true,"href":"https:\/\/telfio.com.br\/index.php?rest_route=%2Fwp%2Fv2%2Fcomments&post=5527"}],"wp:featuredmedia":[{"embeddable":true,"href":"https:\/\/telfio.com.br\/index.php?rest_route=\/wp\/v2\/media\/5528"}],"wp:attachment":[{"href":"https:\/\/telfio.com.br\/index.php?rest_route=%2Fwp%2Fv2%2Fmedia&parent=5527"}],"wp:term":[{"taxonomy":"product_brand","embeddable":true,"href":"https:\/\/telfio.com.br\/index.php?rest_route=%2Fwp%2Fv2%2Fproduct_brand&post=5527"},{"taxonomy":"product_cat","embeddable":true,"href":"https:\/\/telfio.com.br\/index.php?rest_route=%2Fwp%2Fv2%2Fproduct_cat&post=5527"},{"taxonomy":"product_tag","embeddable":true,"href":"https:\/\/telfio.com.br\/index.php?rest_route=%2Fwp%2Fv2%2Fproduct_tag&post=5527"}],"curies":[{"name":"wp","href":"https:\/\/api.w.org\/{rel}","templated":true}]}}