{"id":5509,"date":"2024-10-15T10:09:55","date_gmt":"2024-10-15T13:09:55","guid":{"rendered":"https:\/\/telfio.com.br\/?post_type=product&#038;p=5509"},"modified":"2024-10-15T10:16:00","modified_gmt":"2024-10-15T13:16:00","slug":"isolador-roldana-plastica-4-ranhuras-laranja","status":"publish","type":"product","link":"https:\/\/telfio.com.br\/?product=isolador-roldana-plastica-4-ranhuras-laranja","title":{"rendered":"Isolador Roldana Pl\u00e1stica 4 Ranhuras Laranja"},"content":{"rendered":"","protected":false},"excerpt":{"rendered":"<p>A roldana pl\u00e1stica com 4 ranhuras \u00e9 uma solu\u00e7\u00e3o vers\u00e1til e resistente para suspender fios, cabos e drops em instala\u00e7\u00f5es de redes de telecomunica\u00e7\u00f5es. Feita em pl\u00e1stico de alta qualidade com prote\u00e7\u00e3o anti-UV, \u00e9 adequada para uso em ambientes internos e externos, resistindo \u00e0s condi\u00e7\u00f5es clim\u00e1ticas e agentes qu\u00edmicos<\/p>\n","protected":false},"featured_media":5510,"comment_status":"open","ping_status":"closed","template":"","meta":{"_joinchat":[]},"product_brand":[],"product_cat":[17],"product_tag":[],"class_list":{"0":"post-5509","1":"product","2":"type-product","3":"status-publish","4":"has-post-thumbnail","6":"product_cat-injetados","8":"first","9":"instock","10":"shipping-taxable","11":"product-type-simple"},"_links":{"self":[{"href":"https:\/\/telfio.com.br\/index.php?rest_route=\/wp\/v2\/product\/5509","targetHints":{"allow":["GET"]}}],"collection":[{"href":"https:\/\/telfio.com.br\/index.php?rest_route=\/wp\/v2\/product"}],"about":[{"href":"https:\/\/telfio.com.br\/index.php?rest_route=\/wp\/v2\/types\/product"}],"replies":[{"embeddable":true,"href":"https:\/\/telfio.com.br\/index.php?rest_route=%2Fwp%2Fv2%2Fcomments&post=5509"}],"wp:featuredmedia":[{"embeddable":true,"href":"https:\/\/telfio.com.br\/index.php?rest_route=\/wp\/v2\/media\/5510"}],"wp:attachment":[{"href":"https:\/\/telfio.com.br\/index.php?rest_route=%2Fwp%2Fv2%2Fmedia&parent=5509"}],"wp:term":[{"taxonomy":"product_brand","embeddable":true,"href":"https:\/\/telfio.com.br\/index.php?rest_route=%2Fwp%2Fv2%2Fproduct_brand&post=5509"},{"taxonomy":"product_cat","embeddable":true,"href":"https:\/\/telfio.com.br\/index.php?rest_route=%2Fwp%2Fv2%2Fproduct_cat&post=5509"},{"taxonomy":"product_tag","embeddable":true,"href":"https:\/\/telfio.com.br\/index.php?rest_route=%2Fwp%2Fv2%2Fproduct_tag&post=5509"}],"curies":[{"name":"wp","href":"https:\/\/api.w.org\/{rel}","templated":true}]}}