{"id":5496,"date":"2024-10-10T10:30:48","date_gmt":"2024-10-10T13:30:48","guid":{"rendered":"https:\/\/telfio.com.br\/?post_type=product&#038;p=5496"},"modified":"2025-08-29T16:31:51","modified_gmt":"2025-08-29T19:31:51","slug":"dio-24-fo-sc-apc","status":"publish","type":"product","link":"https:\/\/telfio.com.br\/?product=dio-24-fo-sc-apc","title":{"rendered":"Distribuidor Interno \u00d3ptico 24 FO APC &#8211; DIO"},"content":{"rendered":"","protected":false},"excerpt":{"rendered":"<p>O distribuidor interno \u00f3ptico \u00e9 ideal para uso interno em rack 19\u2033 com 24 fibras. \u00c9 confeccionado em material de alta resist\u00eancia e pintura especial promovendo prote\u00e7\u00e3o e qualidade. Ideal para organiza\u00e7\u00e3o e acomoda\u00e7\u00e3o das fibras no Data Center.<\/p>\n<p>Modelos de 12 fo, 24fo, 48 fo<\/p>\n<p>Consulte modelos dispon\u00edveis.<\/p>\n","protected":false},"featured_media":5497,"comment_status":"open","ping_status":"closed","template":"","meta":{"_joinchat":[]},"product_brand":[],"product_cat":[73],"product_tag":[],"class_list":{"0":"post-5496","1":"product","2":"type-product","3":"status-publish","4":"has-post-thumbnail","6":"product_cat-fibra","8":"first","9":"instock","10":"shipping-taxable","11":"product-type-simple"},"_links":{"self":[{"href":"https:\/\/telfio.com.br\/index.php?rest_route=\/wp\/v2\/product\/5496","targetHints":{"allow":["GET"]}}],"collection":[{"href":"https:\/\/telfio.com.br\/index.php?rest_route=\/wp\/v2\/product"}],"about":[{"href":"https:\/\/telfio.com.br\/index.php?rest_route=\/wp\/v2\/types\/product"}],"replies":[{"embeddable":true,"href":"https:\/\/telfio.com.br\/index.php?rest_route=%2Fwp%2Fv2%2Fcomments&post=5496"}],"wp:featuredmedia":[{"embeddable":true,"href":"https:\/\/telfio.com.br\/index.php?rest_route=\/wp\/v2\/media\/5497"}],"wp:attachment":[{"href":"https:\/\/telfio.com.br\/index.php?rest_route=%2Fwp%2Fv2%2Fmedia&parent=5496"}],"wp:term":[{"taxonomy":"product_brand","embeddable":true,"href":"https:\/\/telfio.com.br\/index.php?rest_route=%2Fwp%2Fv2%2Fproduct_brand&post=5496"},{"taxonomy":"product_cat","embeddable":true,"href":"https:\/\/telfio.com.br\/index.php?rest_route=%2Fwp%2Fv2%2Fproduct_cat&post=5496"},{"taxonomy":"product_tag","embeddable":true,"href":"https:\/\/telfio.com.br\/index.php?rest_route=%2Fwp%2Fv2%2Fproduct_tag&post=5496"}],"curies":[{"name":"wp","href":"https:\/\/api.w.org\/{rel}","templated":true}]}}