{"id":5493,"date":"2024-10-10T10:23:12","date_gmt":"2024-10-10T13:23:12","guid":{"rendered":"https:\/\/telfio.com.br\/?post_type=product&#038;p=5493"},"modified":"2024-10-10T10:23:12","modified_gmt":"2024-10-10T13:23:12","slug":"carrinho-para-bobina-de-cabo-drop-fibra-optica","status":"publish","type":"product","link":"https:\/\/telfio.com.br\/?product=carrinho-para-bobina-de-cabo-drop-fibra-optica","title":{"rendered":"Carrinho para bobina de cabo drop fibra optica"},"content":{"rendered":"","protected":false},"excerpt":{"rendered":"<p>O Carrinho Para Bobina \u00e9 ideal para facilitar o trabalho e manuseio dos instaladores e tornar mais eficiente as tarefas em campo. Foi projetado para otimizar espa\u00e7o (com p\u00e9s ajust\u00e1veis) e economizar espa\u00e7o durante o transporte. Desenvolvido com A\u00c7O 1020 para aguentar qualquer impacto durante o uso.<\/p>\n<p>Compat\u00edvel com bobinas de 1 ou 2 Km;<br \/>\nInforma\u00e7\u00f5es T\u00e9cnicas<\/p>\n<p>CARACTER\u00cdSTICAS<br \/>\nCompat\u00edvel com bobinas de 1 ou 2 Km<br \/>\nFabricado com tubo de 1 polegada (a\u00e7o 1020);<br \/>\nPintura com microtextura eletrost\u00e1tica<br \/>\nRodas emborrachadas de 6 polegadas<br \/>\nP\u00e9s dobr\u00e1veis para economizar espa\u00e7o<\/p>\n","protected":false},"featured_media":5494,"comment_status":"open","ping_status":"closed","template":"","meta":{"_joinchat":[]},"product_brand":[],"product_cat":[19],"product_tag":[],"class_list":{"0":"post-5493","1":"product","2":"type-product","3":"status-publish","4":"has-post-thumbnail","6":"product_cat-diversos","8":"first","9":"instock","10":"shipping-taxable","11":"product-type-simple"},"_links":{"self":[{"href":"https:\/\/telfio.com.br\/index.php?rest_route=\/wp\/v2\/product\/5493","targetHints":{"allow":["GET"]}}],"collection":[{"href":"https:\/\/telfio.com.br\/index.php?rest_route=\/wp\/v2\/product"}],"about":[{"href":"https:\/\/telfio.com.br\/index.php?rest_route=\/wp\/v2\/types\/product"}],"replies":[{"embeddable":true,"href":"https:\/\/telfio.com.br\/index.php?rest_route=%2Fwp%2Fv2%2Fcomments&post=5493"}],"wp:featuredmedia":[{"embeddable":true,"href":"https:\/\/telfio.com.br\/index.php?rest_route=\/wp\/v2\/media\/5494"}],"wp:attachment":[{"href":"https:\/\/telfio.com.br\/index.php?rest_route=%2Fwp%2Fv2%2Fmedia&parent=5493"}],"wp:term":[{"taxonomy":"product_brand","embeddable":true,"href":"https:\/\/telfio.com.br\/index.php?rest_route=%2Fwp%2Fv2%2Fproduct_brand&post=5493"},{"taxonomy":"product_cat","embeddable":true,"href":"https:\/\/telfio.com.br\/index.php?rest_route=%2Fwp%2Fv2%2Fproduct_cat&post=5493"},{"taxonomy":"product_tag","embeddable":true,"href":"https:\/\/telfio.com.br\/index.php?rest_route=%2Fwp%2Fv2%2Fproduct_tag&post=5493"}],"curies":[{"name":"wp","href":"https:\/\/api.w.org\/{rel}","templated":true}]}}