{"id":5487,"date":"2024-10-07T15:06:50","date_gmt":"2024-10-07T18:06:50","guid":{"rendered":"https:\/\/telfio.com.br\/?post_type=product&#038;p=5487"},"modified":"2024-10-07T15:06:51","modified_gmt":"2024-10-07T18:06:51","slug":"protetor-de-emenda-fibra-optica-tubete-60mm","status":"publish","type":"product","link":"https:\/\/telfio.com.br\/?product=protetor-de-emenda-fibra-optica-tubete-60mm","title":{"rendered":"Protetor de emenda fibra optica\/Tubete 60mm"},"content":{"rendered":"","protected":false},"excerpt":{"rendered":"<p>Cada protetor \u00e9 composto por uma haste de a\u00e7o inoxid\u00e1vel, um tubo pl\u00e1stico interno e um tubo de pl\u00e1stico externo termo retr\u00e1til. O di\u00e2metro do protetor de emenda \u00e9 de 1mm.<\/p>\n<p>Estes protetores s\u00e3o utilizados para proteger e manter a integridade das emendas \u00f3pticas dentro de bandejas, caixas terminais \u00f3pticas (CTOs), Distribuidores Internos \u00f3pticos (DIOs), Caixas de emenda \u00f3ptica (CEO) ou qualquer outro equipamento que armazene emendas de fibras \u00f3pticas por fus\u00e3o em seu interior.<\/p>\n<p>Os protetores de emenda \u00f3ptica ou tubetes s\u00e3o essenciais para permitir o manuseio das fibras \u00f3pticas pelos t\u00e9cnicos de campo, pois protegem a regi\u00e3o das fibras \u00f3pticas fragilizadas pelo processo de fus\u00e3o.<\/p>\n","protected":false},"featured_media":5488,"comment_status":"open","ping_status":"closed","template":"","meta":{"_joinchat":[]},"product_brand":[],"product_cat":[73],"product_tag":[],"class_list":{"0":"post-5487","1":"product","2":"type-product","3":"status-publish","4":"has-post-thumbnail","6":"product_cat-fibra","8":"first","9":"instock","10":"shipping-taxable","11":"product-type-simple"},"_links":{"self":[{"href":"https:\/\/telfio.com.br\/index.php?rest_route=\/wp\/v2\/product\/5487","targetHints":{"allow":["GET"]}}],"collection":[{"href":"https:\/\/telfio.com.br\/index.php?rest_route=\/wp\/v2\/product"}],"about":[{"href":"https:\/\/telfio.com.br\/index.php?rest_route=\/wp\/v2\/types\/product"}],"replies":[{"embeddable":true,"href":"https:\/\/telfio.com.br\/index.php?rest_route=%2Fwp%2Fv2%2Fcomments&post=5487"}],"wp:featuredmedia":[{"embeddable":true,"href":"https:\/\/telfio.com.br\/index.php?rest_route=\/wp\/v2\/media\/5488"}],"wp:attachment":[{"href":"https:\/\/telfio.com.br\/index.php?rest_route=%2Fwp%2Fv2%2Fmedia&parent=5487"}],"wp:term":[{"taxonomy":"product_brand","embeddable":true,"href":"https:\/\/telfio.com.br\/index.php?rest_route=%2Fwp%2Fv2%2Fproduct_brand&post=5487"},{"taxonomy":"product_cat","embeddable":true,"href":"https:\/\/telfio.com.br\/index.php?rest_route=%2Fwp%2Fv2%2Fproduct_cat&post=5487"},{"taxonomy":"product_tag","embeddable":true,"href":"https:\/\/telfio.com.br\/index.php?rest_route=%2Fwp%2Fv2%2Fproduct_tag&post=5487"}],"curies":[{"name":"wp","href":"https:\/\/api.w.org\/{rel}","templated":true}]}}