{"id":5472,"date":"2024-10-03T13:52:34","date_gmt":"2024-10-03T16:52:34","guid":{"rendered":"https:\/\/telfio.com.br\/?post_type=product&#038;p=5472"},"modified":"2024-10-03T13:52:34","modified_gmt":"2024-10-03T16:52:34","slug":"braquete-castanha","status":"publish","type":"product","link":"https:\/\/telfio.com.br\/?product=braquete-castanha","title":{"rendered":"Braquete Castanha"},"content":{"rendered":"","protected":false},"excerpt":{"rendered":"<p>Os Braquetes de fixa\u00e7\u00e3o de placas, tamb\u00e9m conhecida como castanha, s\u00e3o utilizados para fixa\u00e7\u00e3o de placas em \u00e1reas externas e internas, sendo utilizada em hastes, mastros e postes, permitindo uma perfeita instala\u00e7\u00e3o.<\/p>\n<p>As castanhas s\u00e3o projetadas para trabalhar em conjunto com as Fitas de largura at\u00e9 3\u20444\u201d e os Fechos de A\u00e7o<\/p>\n","protected":false},"featured_media":5473,"comment_status":"open","ping_status":"closed","template":"","meta":{"_joinchat":[]},"product_brand":[],"product_cat":[20],"product_tag":[],"class_list":{"0":"post-5472","1":"product","2":"type-product","3":"status-publish","4":"has-post-thumbnail","6":"product_cat-ferragens","8":"first","9":"instock","10":"shipping-taxable","11":"product-type-simple"},"_links":{"self":[{"href":"https:\/\/telfio.com.br\/index.php?rest_route=\/wp\/v2\/product\/5472","targetHints":{"allow":["GET"]}}],"collection":[{"href":"https:\/\/telfio.com.br\/index.php?rest_route=\/wp\/v2\/product"}],"about":[{"href":"https:\/\/telfio.com.br\/index.php?rest_route=\/wp\/v2\/types\/product"}],"replies":[{"embeddable":true,"href":"https:\/\/telfio.com.br\/index.php?rest_route=%2Fwp%2Fv2%2Fcomments&post=5472"}],"wp:featuredmedia":[{"embeddable":true,"href":"https:\/\/telfio.com.br\/index.php?rest_route=\/wp\/v2\/media\/5473"}],"wp:attachment":[{"href":"https:\/\/telfio.com.br\/index.php?rest_route=%2Fwp%2Fv2%2Fmedia&parent=5472"}],"wp:term":[{"taxonomy":"product_brand","embeddable":true,"href":"https:\/\/telfio.com.br\/index.php?rest_route=%2Fwp%2Fv2%2Fproduct_brand&post=5472"},{"taxonomy":"product_cat","embeddable":true,"href":"https:\/\/telfio.com.br\/index.php?rest_route=%2Fwp%2Fv2%2Fproduct_cat&post=5472"},{"taxonomy":"product_tag","embeddable":true,"href":"https:\/\/telfio.com.br\/index.php?rest_route=%2Fwp%2Fv2%2Fproduct_tag&post=5472"}],"curies":[{"name":"wp","href":"https:\/\/api.w.org\/{rel}","templated":true}]}}