{"id":5465,"date":"2024-10-03T11:50:00","date_gmt":"2024-10-03T14:50:00","guid":{"rendered":"https:\/\/telfio.com.br\/?post_type=product&#038;p=5465"},"modified":"2024-10-03T11:50:00","modified_gmt":"2024-10-03T14:50:00","slug":"cruzeta-escoltas-mini-para-reserva-de-cabos","status":"publish","type":"product","link":"https:\/\/telfio.com.br\/?product=cruzeta-escoltas-mini-para-reserva-de-cabos","title":{"rendered":"Cruzeta \/ escoltas mini para reserva de cabos"},"content":{"rendered":"","protected":false},"excerpt":{"rendered":"<p>Mini cruzeta pl\u00e1stica, fabricada em ABS com 2% de ANTI-UV , utilizada para reserva de cabos Drop \u00f3pticos NO POSTE, com rebaixo para passagem da abra\u00e7adeira Bap, f\u00e1cil instala\u00e7\u00e3o.<\/p>\n","protected":false},"featured_media":5466,"comment_status":"open","ping_status":"closed","template":"","meta":{"_joinchat":[]},"product_brand":[],"product_cat":[17],"product_tag":[],"class_list":{"0":"post-5465","1":"product","2":"type-product","3":"status-publish","4":"has-post-thumbnail","6":"product_cat-injetados","8":"first","9":"instock","10":"shipping-taxable","11":"product-type-simple"},"_links":{"self":[{"href":"https:\/\/telfio.com.br\/index.php?rest_route=\/wp\/v2\/product\/5465","targetHints":{"allow":["GET"]}}],"collection":[{"href":"https:\/\/telfio.com.br\/index.php?rest_route=\/wp\/v2\/product"}],"about":[{"href":"https:\/\/telfio.com.br\/index.php?rest_route=\/wp\/v2\/types\/product"}],"replies":[{"embeddable":true,"href":"https:\/\/telfio.com.br\/index.php?rest_route=%2Fwp%2Fv2%2Fcomments&post=5465"}],"wp:featuredmedia":[{"embeddable":true,"href":"https:\/\/telfio.com.br\/index.php?rest_route=\/wp\/v2\/media\/5466"}],"wp:attachment":[{"href":"https:\/\/telfio.com.br\/index.php?rest_route=%2Fwp%2Fv2%2Fmedia&parent=5465"}],"wp:term":[{"taxonomy":"product_brand","embeddable":true,"href":"https:\/\/telfio.com.br\/index.php?rest_route=%2Fwp%2Fv2%2Fproduct_brand&post=5465"},{"taxonomy":"product_cat","embeddable":true,"href":"https:\/\/telfio.com.br\/index.php?rest_route=%2Fwp%2Fv2%2Fproduct_cat&post=5465"},{"taxonomy":"product_tag","embeddable":true,"href":"https:\/\/telfio.com.br\/index.php?rest_route=%2Fwp%2Fv2%2Fproduct_tag&post=5465"}],"curies":[{"name":"wp","href":"https:\/\/api.w.org\/{rel}","templated":true}]}}