{"id":5462,"date":"2024-10-03T11:43:03","date_gmt":"2024-10-03T14:43:03","guid":{"rendered":"https:\/\/telfio.com.br\/?post_type=product&#038;p=5462"},"modified":"2024-10-03T11:51:53","modified_gmt":"2024-10-03T14:51:53","slug":"cruzeta-plastica-para-reserva-tecnica","status":"publish","type":"product","link":"https:\/\/telfio.com.br\/?product=cruzeta-plastica-para-reserva-tecnica","title":{"rendered":"Cruzeta \/ escolta para reserva de cabos"},"content":{"rendered":"","protected":false},"excerpt":{"rendered":"<p>Cruzeta \/ escolta para reserva de cabos\u00a0 \u00f3pticos Tamanho: Altura.; 47 cm. Profundidade.; 8,5 cm. A cruzeta para reserva de cabos \u00f3pticos proporciona a acopla\u00e7\u00e3o de cabos. Cruzeta de f\u00e1cil instala\u00e7\u00e3o. N\u00e3o sofre oxida\u00e7\u00e3o\/ corros\u00e3o com as mudan\u00e7as clim\u00e1ticas, proporcionando uma durabilidade maior devido serem de pl\u00e1stico. As cruzetas s\u00e3o enviadas desmontadas, facilitam o transporte diminuindo a ocupa\u00e7\u00e3o de espa\u00e7o. A montagem \u00e9 f\u00e1cil e realizada por encaixe n\u00e3o necessita de parafusos para montar, apenas ouvir o click no encaixe<\/p>\n","protected":false},"featured_media":5463,"comment_status":"open","ping_status":"closed","template":"","meta":{"_joinchat":[]},"product_brand":[],"product_cat":[17],"product_tag":[],"class_list":{"0":"post-5462","1":"product","2":"type-product","3":"status-publish","4":"has-post-thumbnail","6":"product_cat-injetados","8":"first","9":"instock","10":"shipping-taxable","11":"product-type-simple"},"_links":{"self":[{"href":"https:\/\/telfio.com.br\/index.php?rest_route=\/wp\/v2\/product\/5462","targetHints":{"allow":["GET"]}}],"collection":[{"href":"https:\/\/telfio.com.br\/index.php?rest_route=\/wp\/v2\/product"}],"about":[{"href":"https:\/\/telfio.com.br\/index.php?rest_route=\/wp\/v2\/types\/product"}],"replies":[{"embeddable":true,"href":"https:\/\/telfio.com.br\/index.php?rest_route=%2Fwp%2Fv2%2Fcomments&post=5462"}],"wp:featuredmedia":[{"embeddable":true,"href":"https:\/\/telfio.com.br\/index.php?rest_route=\/wp\/v2\/media\/5463"}],"wp:attachment":[{"href":"https:\/\/telfio.com.br\/index.php?rest_route=%2Fwp%2Fv2%2Fmedia&parent=5462"}],"wp:term":[{"taxonomy":"product_brand","embeddable":true,"href":"https:\/\/telfio.com.br\/index.php?rest_route=%2Fwp%2Fv2%2Fproduct_brand&post=5462"},{"taxonomy":"product_cat","embeddable":true,"href":"https:\/\/telfio.com.br\/index.php?rest_route=%2Fwp%2Fv2%2Fproduct_cat&post=5462"},{"taxonomy":"product_tag","embeddable":true,"href":"https:\/\/telfio.com.br\/index.php?rest_route=%2Fwp%2Fv2%2Fproduct_tag&post=5462"}],"curies":[{"name":"wp","href":"https:\/\/api.w.org\/{rel}","templated":true}]}}