{"id":5436,"date":"2024-10-02T09:06:51","date_gmt":"2024-10-02T12:06:51","guid":{"rendered":"https:\/\/telfio.com.br\/?post_type=product&#038;p=5436"},"modified":"2024-10-02T09:06:51","modified_gmt":"2024-10-02T12:06:51","slug":"suporte-l-dm-modificado-com-abas","status":"publish","type":"product","link":"https:\/\/telfio.com.br\/?product=suporte-l-dm-modificado-com-abas","title":{"rendered":"Suporte L DM modificado com abas"},"content":{"rendered":"","protected":false},"excerpt":{"rendered":"<p>O Suporte DM com abas da Next Metais \u00e9 fabricado em a\u00e7o carbono 1010 a 1020, galvanizado a fogo conforme a NBR 6323.<\/p>\n<p>&nbsp;<\/p>\n<p>Ele \u00e9 utilizado para sustenta\u00e7\u00e3o da roldana nos servi\u00e7os de distribui\u00e7\u00e3o de linhas, fazendo a fixa\u00e7\u00e3o no poste com fita inoxid\u00e1vel ou fechamento atrav\u00e9s de parafuso e buchas.<\/p>\n","protected":false},"featured_media":5437,"comment_status":"open","ping_status":"closed","template":"","meta":{"_joinchat":[]},"product_brand":[],"product_cat":[20],"product_tag":[],"class_list":{"0":"post-5436","1":"product","2":"type-product","3":"status-publish","4":"has-post-thumbnail","6":"product_cat-ferragens","8":"first","9":"instock","10":"shipping-taxable","11":"product-type-simple"},"_links":{"self":[{"href":"https:\/\/telfio.com.br\/index.php?rest_route=\/wp\/v2\/product\/5436","targetHints":{"allow":["GET"]}}],"collection":[{"href":"https:\/\/telfio.com.br\/index.php?rest_route=\/wp\/v2\/product"}],"about":[{"href":"https:\/\/telfio.com.br\/index.php?rest_route=\/wp\/v2\/types\/product"}],"replies":[{"embeddable":true,"href":"https:\/\/telfio.com.br\/index.php?rest_route=%2Fwp%2Fv2%2Fcomments&post=5436"}],"wp:featuredmedia":[{"embeddable":true,"href":"https:\/\/telfio.com.br\/index.php?rest_route=\/wp\/v2\/media\/5437"}],"wp:attachment":[{"href":"https:\/\/telfio.com.br\/index.php?rest_route=%2Fwp%2Fv2%2Fmedia&parent=5436"}],"wp:term":[{"taxonomy":"product_brand","embeddable":true,"href":"https:\/\/telfio.com.br\/index.php?rest_route=%2Fwp%2Fv2%2Fproduct_brand&post=5436"},{"taxonomy":"product_cat","embeddable":true,"href":"https:\/\/telfio.com.br\/index.php?rest_route=%2Fwp%2Fv2%2Fproduct_cat&post=5436"},{"taxonomy":"product_tag","embeddable":true,"href":"https:\/\/telfio.com.br\/index.php?rest_route=%2Fwp%2Fv2%2Fproduct_tag&post=5436"}],"curies":[{"name":"wp","href":"https:\/\/api.w.org\/{rel}","templated":true}]}}