{"id":5428,"date":"2024-10-01T16:45:22","date_gmt":"2024-10-01T19:45:22","guid":{"rendered":"https:\/\/telfio.com.br\/?post_type=product&#038;p=5428"},"modified":"2024-10-01T16:45:24","modified_gmt":"2024-10-01T19:45:24","slug":"tubo-de-emenda-optico-fibracem","status":"publish","type":"product","link":"https:\/\/telfio.com.br\/?product=tubo-de-emenda-optico-fibracem","title":{"rendered":"TUBO DE EMENDA \u00d3PTICO FIBRACEM"},"content":{"rendered":"","protected":false},"excerpt":{"rendered":"<p>O Tubo de Emenda \u00d3ptico Nova Gera\u00e7\u00e3o foi desenvolvido para realizar a reconex\u00e3o da rede \u00f3ptica via cabo Drop Mini, unindo e protegendo a fibra \u00f3ptica, al\u00e9m de ser uma op\u00e7\u00e3o compacta e leve. O Tubo de Emenda \u00d3ptico Nova Gera\u00e7\u00e3o \u00e9 de f\u00e1cil instala\u00e7\u00e3o e comporta a reconex\u00e3o por fus\u00e3o ou atrav\u00e9s de\u00a0<strong>conectores de campo<\/strong>\u00a0e adaptador \u00f3ptico do tipo \u201cSC\u201d. Possui sistema de veda\u00e7\u00e3o 100% mec\u00e2nico atrav\u00e9s de presilhas de fechamento que vedam o conjunto tampa e base por meio de borrachas de veda\u00e7\u00e3o.<\/p>\n","protected":false},"featured_media":5429,"comment_status":"open","ping_status":"closed","template":"","meta":{"_joinchat":[]},"product_brand":[],"product_cat":[73],"product_tag":[],"class_list":{"0":"post-5428","1":"product","2":"type-product","3":"status-publish","4":"has-post-thumbnail","6":"product_cat-fibra","8":"first","9":"instock","10":"shipping-taxable","11":"product-type-simple"},"_links":{"self":[{"href":"https:\/\/telfio.com.br\/index.php?rest_route=\/wp\/v2\/product\/5428","targetHints":{"allow":["GET"]}}],"collection":[{"href":"https:\/\/telfio.com.br\/index.php?rest_route=\/wp\/v2\/product"}],"about":[{"href":"https:\/\/telfio.com.br\/index.php?rest_route=\/wp\/v2\/types\/product"}],"replies":[{"embeddable":true,"href":"https:\/\/telfio.com.br\/index.php?rest_route=%2Fwp%2Fv2%2Fcomments&post=5428"}],"wp:featuredmedia":[{"embeddable":true,"href":"https:\/\/telfio.com.br\/index.php?rest_route=\/wp\/v2\/media\/5429"}],"wp:attachment":[{"href":"https:\/\/telfio.com.br\/index.php?rest_route=%2Fwp%2Fv2%2Fmedia&parent=5428"}],"wp:term":[{"taxonomy":"product_brand","embeddable":true,"href":"https:\/\/telfio.com.br\/index.php?rest_route=%2Fwp%2Fv2%2Fproduct_brand&post=5428"},{"taxonomy":"product_cat","embeddable":true,"href":"https:\/\/telfio.com.br\/index.php?rest_route=%2Fwp%2Fv2%2Fproduct_cat&post=5428"},{"taxonomy":"product_tag","embeddable":true,"href":"https:\/\/telfio.com.br\/index.php?rest_route=%2Fwp%2Fv2%2Fproduct_tag&post=5428"}],"curies":[{"name":"wp","href":"https:\/\/api.w.org\/{rel}","templated":true}]}}