{"id":5421,"date":"2024-10-01T16:31:01","date_gmt":"2024-10-01T19:31:01","guid":{"rendered":"https:\/\/telfio.com.br\/?post_type=product&#038;p=5421"},"modified":"2024-10-01T16:31:01","modified_gmt":"2024-10-01T19:31:01","slug":"caixa-de-emenda-mini-fibracem-12fo","status":"publish","type":"product","link":"https:\/\/telfio.com.br\/?product=caixa-de-emenda-mini-fibracem-12fo","title":{"rendered":"Caixa de Emenda Mini Fibracem 12fo"},"content":{"rendered":"","protected":false},"excerpt":{"rendered":"<p>A Caixa de Emenda \u00f3ptica SVT Mini\u00a0 foi desenvolvida para proteger as emendas e fazer a distribui\u00e7\u00e3o de cabos \u00f3pticos em redes a\u00e9reas.<\/p>\n<p>A CEO Mini abriga at\u00e9 24 emendas diretas e derivadas de cabos atrav\u00e9s de uma bandeja pl\u00e1stica em seu interior. Possui configura\u00e7\u00e3o unidirecional para entrada de cabos, contendo 3 entradas cil\u00edndricas para cabos com di\u00e2metro de 5 a 15 mm. A veda\u00e7\u00e3o das entradas \u00e9 efetuada por meio de tubos termocontr\u00e1teis. F\u00e1cil fechamento mec\u00e2nico entre a c\u00fapula e base atrav\u00e9s de abra\u00e7adeira pl\u00e1stica.<\/p>\n","protected":false},"featured_media":5422,"comment_status":"open","ping_status":"closed","template":"","meta":{"_joinchat":[]},"product_brand":[],"product_cat":[73],"product_tag":[],"class_list":{"0":"post-5421","1":"product","2":"type-product","3":"status-publish","4":"has-post-thumbnail","6":"product_cat-fibra","8":"first","9":"instock","10":"shipping-taxable","11":"product-type-simple"},"_links":{"self":[{"href":"https:\/\/telfio.com.br\/index.php?rest_route=\/wp\/v2\/product\/5421","targetHints":{"allow":["GET"]}}],"collection":[{"href":"https:\/\/telfio.com.br\/index.php?rest_route=\/wp\/v2\/product"}],"about":[{"href":"https:\/\/telfio.com.br\/index.php?rest_route=\/wp\/v2\/types\/product"}],"replies":[{"embeddable":true,"href":"https:\/\/telfio.com.br\/index.php?rest_route=%2Fwp%2Fv2%2Fcomments&post=5421"}],"wp:featuredmedia":[{"embeddable":true,"href":"https:\/\/telfio.com.br\/index.php?rest_route=\/wp\/v2\/media\/5422"}],"wp:attachment":[{"href":"https:\/\/telfio.com.br\/index.php?rest_route=%2Fwp%2Fv2%2Fmedia&parent=5421"}],"wp:term":[{"taxonomy":"product_brand","embeddable":true,"href":"https:\/\/telfio.com.br\/index.php?rest_route=%2Fwp%2Fv2%2Fproduct_brand&post=5421"},{"taxonomy":"product_cat","embeddable":true,"href":"https:\/\/telfio.com.br\/index.php?rest_route=%2Fwp%2Fv2%2Fproduct_cat&post=5421"},{"taxonomy":"product_tag","embeddable":true,"href":"https:\/\/telfio.com.br\/index.php?rest_route=%2Fwp%2Fv2%2Fproduct_tag&post=5421"}],"curies":[{"name":"wp","href":"https:\/\/api.w.org\/{rel}","templated":true}]}}