{"id":5416,"date":"2024-10-01T16:05:08","date_gmt":"2024-10-01T19:05:08","guid":{"rendered":"https:\/\/telfio.com.br\/?post_type=product&#038;p=5416"},"modified":"2024-10-01T16:05:08","modified_gmt":"2024-10-01T19:05:08","slug":"caixa-de-terminacao-optica-cto-nap-fibracem","status":"publish","type":"product","link":"https:\/\/telfio.com.br\/?product=caixa-de-terminacao-optica-cto-nap-fibracem","title":{"rendered":"Caixa De Termina\u00e7\u00e3o \u00d3ptica Cto Nap FIBRACEM"},"content":{"rendered":"","protected":false},"excerpt":{"rendered":"<p>A Caixa de Termina\u00e7\u00e3o \u00d3ptica CTO NAP\u00a0 Fibracem foi feita para proteger e abrigar as emendas \u00f3pticas por fus\u00e3o entre os cabos da distribui\u00e7\u00e3o da rede e os cabos drop da termina\u00e7\u00e3o FTTH de seus clientes. O sistema de entrada e sa\u00edda do cabo \u00f3ptico possibilita uma sangria limpa e veda\u00e7\u00e3o de qualidade, garantindo o perfeito funcionamento de sua rede.<\/p>\n<p>A funcionalidade da Caixa de Termina\u00e7\u00e3o \u00d3ptica CTO NAP\u00a0 Fibracem \u00e9 aprimorada pelo sistema de fechamento mec\u00e2nico (SVM), o qual garante uma veda\u00e7\u00e3o precisa dos acessos dos cabos e do fechamento da caixa. A not\u00e1vel caracter\u00edstica deste sistema \u00e9 a elimina\u00e7\u00e3o da necessidade de usar materiais termocontr\u00e1teis ou ferramentas especializadas no fechamento<\/p>\n<p>Dimens\u00f5es e Peso:<br \/>\nComprimento: 31cm<br \/>\nAltura: 14cm<br \/>\nLargura: 24cm<\/p>\n<p>Conte\u00fado:<br \/>\n01 unidade &#8211; Caixa de Termina\u00e7\u00e3o \u00d3ptica CTO NAP\u00a0 Fibracem<\/p>\n","protected":false},"featured_media":5417,"comment_status":"open","ping_status":"closed","template":"","meta":{"_joinchat":[]},"product_brand":[],"product_cat":[73],"product_tag":[],"class_list":{"0":"post-5416","1":"product","2":"type-product","3":"status-publish","4":"has-post-thumbnail","6":"product_cat-fibra","8":"first","9":"instock","10":"shipping-taxable","11":"product-type-simple"},"_links":{"self":[{"href":"https:\/\/telfio.com.br\/index.php?rest_route=\/wp\/v2\/product\/5416","targetHints":{"allow":["GET"]}}],"collection":[{"href":"https:\/\/telfio.com.br\/index.php?rest_route=\/wp\/v2\/product"}],"about":[{"href":"https:\/\/telfio.com.br\/index.php?rest_route=\/wp\/v2\/types\/product"}],"replies":[{"embeddable":true,"href":"https:\/\/telfio.com.br\/index.php?rest_route=%2Fwp%2Fv2%2Fcomments&post=5416"}],"wp:featuredmedia":[{"embeddable":true,"href":"https:\/\/telfio.com.br\/index.php?rest_route=\/wp\/v2\/media\/5417"}],"wp:attachment":[{"href":"https:\/\/telfio.com.br\/index.php?rest_route=%2Fwp%2Fv2%2Fmedia&parent=5416"}],"wp:term":[{"taxonomy":"product_brand","embeddable":true,"href":"https:\/\/telfio.com.br\/index.php?rest_route=%2Fwp%2Fv2%2Fproduct_brand&post=5416"},{"taxonomy":"product_cat","embeddable":true,"href":"https:\/\/telfio.com.br\/index.php?rest_route=%2Fwp%2Fv2%2Fproduct_cat&post=5416"},{"taxonomy":"product_tag","embeddable":true,"href":"https:\/\/telfio.com.br\/index.php?rest_route=%2Fwp%2Fv2%2Fproduct_tag&post=5416"}],"curies":[{"name":"wp","href":"https:\/\/api.w.org\/{rel}","templated":true}]}}