{"id":5408,"date":"2024-10-01T15:42:45","date_gmt":"2024-10-01T18:42:45","guid":{"rendered":"https:\/\/telfio.com.br\/?post_type=product&#038;p=5408"},"modified":"2024-10-01T15:42:45","modified_gmt":"2024-10-01T18:42:45","slug":"caixa-terminal-optica-multi-8-72f","status":"publish","type":"product","link":"https:\/\/telfio.com.br\/?product=caixa-terminal-optica-multi-8-72f","title":{"rendered":"CAIXA TERMINAL OPTICA MULTI 8 &#8211; 72F"},"content":{"rendered":"","protected":false},"excerpt":{"rendered":"<p>A Caixa Terminal \u00d3ptica CTO Multi 8 foi desenvolvida para uso na termina\u00e7\u00e3o da rede at\u00e9 o cliente final. Ideal para redes FTTH devido a praticidade de distribui\u00e7\u00e3o dos cabos assinantes.<\/p>\n<p>A CTO Multi 8 viabiliza a utiliza\u00e7\u00e3o em sistemas Ponto a Ponto (P2P) ou Ponto Multiponto (P2M), possui configura\u00e7\u00e3o unidirecional de entrada de cabos, com uma entrada oval para at\u00e9 dois cabos e 8 entradas cil\u00edndricas para cabos de assinante. F\u00e1cil fechamento mec\u00e2nico entre a c\u00fapula e a base atrav\u00e9s de um conjunto de abra\u00e7adeiras e possui sistema de veda\u00e7\u00e3o termocontr\u00e1til (SVT).<\/p>\n<p>Produto de fabrica\u00e7\u00e3o Fibracem desenvolvido para efetuar distribui\u00e7\u00e3o, concentrar e proteger a fus\u00e3o das fibras \u00f3pticas em redes a\u00e9reas e subterr\u00e2neas. Com capacidade para at\u00e9 8 acessos e 72 fus\u00f5es, possui configura\u00e7\u00e3o unidirecional de entrada de cabos, com uma entrada oval para at\u00e9 dois cabos com di\u00e2metro de 10 a 25 mm e 8 entradas cil\u00edndricas para cabos de assinantes com di\u00e2metro de 6 a 12 mm. Possui at\u00e9 3 bandejas de fus\u00e3o para 24 fibras cada com protetores de emenda de at\u00e9 60 mm. e as entradas dos cabos s\u00e3o seladas atrav\u00e9s de tubos termocontr\u00e1teis (SVT) e f\u00e1cil fechamento atrav\u00e9s da jun\u00e7\u00e3o da base com a c\u00fapula por sistema mec\u00e2nico (abra\u00e7adeira de fechamento).<\/p>\n","protected":false},"featured_media":5409,"comment_status":"open","ping_status":"closed","template":"","meta":{"_joinchat":[]},"product_brand":[],"product_cat":[73],"product_tag":[],"class_list":{"0":"post-5408","1":"product","2":"type-product","3":"status-publish","4":"has-post-thumbnail","6":"product_cat-fibra","8":"first","9":"instock","10":"shipping-taxable","11":"product-type-simple"},"_links":{"self":[{"href":"https:\/\/telfio.com.br\/index.php?rest_route=\/wp\/v2\/product\/5408","targetHints":{"allow":["GET"]}}],"collection":[{"href":"https:\/\/telfio.com.br\/index.php?rest_route=\/wp\/v2\/product"}],"about":[{"href":"https:\/\/telfio.com.br\/index.php?rest_route=\/wp\/v2\/types\/product"}],"replies":[{"embeddable":true,"href":"https:\/\/telfio.com.br\/index.php?rest_route=%2Fwp%2Fv2%2Fcomments&post=5408"}],"wp:featuredmedia":[{"embeddable":true,"href":"https:\/\/telfio.com.br\/index.php?rest_route=\/wp\/v2\/media\/5409"}],"wp:attachment":[{"href":"https:\/\/telfio.com.br\/index.php?rest_route=%2Fwp%2Fv2%2Fmedia&parent=5408"}],"wp:term":[{"taxonomy":"product_brand","embeddable":true,"href":"https:\/\/telfio.com.br\/index.php?rest_route=%2Fwp%2Fv2%2Fproduct_brand&post=5408"},{"taxonomy":"product_cat","embeddable":true,"href":"https:\/\/telfio.com.br\/index.php?rest_route=%2Fwp%2Fv2%2Fproduct_cat&post=5408"},{"taxonomy":"product_tag","embeddable":true,"href":"https:\/\/telfio.com.br\/index.php?rest_route=%2Fwp%2Fv2%2Fproduct_tag&post=5408"}],"curies":[{"name":"wp","href":"https:\/\/api.w.org\/{rel}","templated":true}]}}