{"id":5405,"date":"2024-10-01T15:35:58","date_gmt":"2024-10-01T18:35:58","guid":{"rendered":"https:\/\/telfio.com.br\/?post_type=product&#038;p=5405"},"modified":"2024-10-01T15:35:59","modified_gmt":"2024-10-01T18:35:59","slug":"acoplador-adaptador-sm-sc-upc","status":"publish","type":"product","link":"https:\/\/telfio.com.br\/?product=acoplador-adaptador-sm-sc-upc","title":{"rendered":"Acoplador\/Adaptador SM SC UPC"},"content":{"rendered":"","protected":false},"excerpt":{"rendered":"<p>Os adaptadores \u00f3pticos monomodo permitem a conex\u00e3o das fibras com baixa atenua\u00e7\u00e3o e alta taxa de retorno, garantindo assim, uma excelente continuidade do sinal \u00f3ptico.<\/p>\n<p>S\u00e3o conhecidos como emenda dupla f\u00eamea, acoplador \u00f3ptico ou adaptador \u00f3ptico.<\/p>\n<p>Podem ser utilizados em DIO (Distribuidor Interno \u00f3ptico) ou Caixas CTO (Caixa terminal \u00f3ptica) para acoplamento de pigtails, cord\u00f5es \u00f3pticos e splitters.<\/p>\n","protected":false},"featured_media":5406,"comment_status":"open","ping_status":"closed","template":"","meta":{"_joinchat":[]},"product_brand":[],"product_cat":[73],"product_tag":[],"class_list":{"0":"post-5405","1":"product","2":"type-product","3":"status-publish","4":"has-post-thumbnail","6":"product_cat-fibra","8":"first","9":"instock","10":"shipping-taxable","11":"product-type-simple"},"_links":{"self":[{"href":"https:\/\/telfio.com.br\/index.php?rest_route=\/wp\/v2\/product\/5405","targetHints":{"allow":["GET"]}}],"collection":[{"href":"https:\/\/telfio.com.br\/index.php?rest_route=\/wp\/v2\/product"}],"about":[{"href":"https:\/\/telfio.com.br\/index.php?rest_route=\/wp\/v2\/types\/product"}],"replies":[{"embeddable":true,"href":"https:\/\/telfio.com.br\/index.php?rest_route=%2Fwp%2Fv2%2Fcomments&post=5405"}],"wp:featuredmedia":[{"embeddable":true,"href":"https:\/\/telfio.com.br\/index.php?rest_route=\/wp\/v2\/media\/5406"}],"wp:attachment":[{"href":"https:\/\/telfio.com.br\/index.php?rest_route=%2Fwp%2Fv2%2Fmedia&parent=5405"}],"wp:term":[{"taxonomy":"product_brand","embeddable":true,"href":"https:\/\/telfio.com.br\/index.php?rest_route=%2Fwp%2Fv2%2Fproduct_brand&post=5405"},{"taxonomy":"product_cat","embeddable":true,"href":"https:\/\/telfio.com.br\/index.php?rest_route=%2Fwp%2Fv2%2Fproduct_cat&post=5405"},{"taxonomy":"product_tag","embeddable":true,"href":"https:\/\/telfio.com.br\/index.php?rest_route=%2Fwp%2Fv2%2Fproduct_tag&post=5405"}],"curies":[{"name":"wp","href":"https:\/\/api.w.org\/{rel}","templated":true}]}}