{"id":5402,"date":"2024-10-01T15:31:47","date_gmt":"2024-10-01T18:31:47","guid":{"rendered":"https:\/\/telfio.com.br\/?post_type=product&#038;p=5402"},"modified":"2024-10-01T15:40:11","modified_gmt":"2024-10-01T18:40:11","slug":"acoplador-adaptador-sm-sc-apc","status":"publish","type":"product","link":"https:\/\/telfio.com.br\/?product=acoplador-adaptador-sm-sc-apc","title":{"rendered":"Acoplador\/Adaptador SM SC APC"},"content":{"rendered":"","protected":false},"excerpt":{"rendered":"<h1 class=\"product-name\">Acoplador \u00d3ptico para Conectores SC-APC Verde Simplex Monomodo (SM &#8211; Single Mode)<\/h1>\n<p>O adaptador \u00f3ptico SIMPLEX garante o alinhamento apropriado das fibras \u00f3pticas com preciso contato f\u00edsico entre elas. Pois possibilita a transmiss\u00e3o da luz atrav\u00e9s do contato mec\u00e2nico das faces polidas e do alinhamento proporcionado pelas luvas internas.<\/p>\n<p><strong>Caracter\u00edsticas T\u00e9cnicas<\/strong><\/p>\n<ul>\n<li>Cor: APC (verde);<\/li>\n<li>Tipo de conector: SC;<\/li>\n<li>Perda de retorno (RL): 50dB;<\/li>\n<li>Perda por inser\u00e7\u00e3o (IL): 0,3dB;<\/li>\n<li>Ferrolho: Luva de zirc\u00f4nia;<\/li>\n<\/ul>\n","protected":false},"featured_media":5403,"comment_status":"open","ping_status":"closed","template":"","meta":{"_joinchat":[]},"product_brand":[],"product_cat":[73],"product_tag":[],"class_list":{"0":"post-5402","1":"product","2":"type-product","3":"status-publish","4":"has-post-thumbnail","6":"product_cat-fibra","8":"first","9":"instock","10":"shipping-taxable","11":"product-type-simple"},"_links":{"self":[{"href":"https:\/\/telfio.com.br\/index.php?rest_route=\/wp\/v2\/product\/5402","targetHints":{"allow":["GET"]}}],"collection":[{"href":"https:\/\/telfio.com.br\/index.php?rest_route=\/wp\/v2\/product"}],"about":[{"href":"https:\/\/telfio.com.br\/index.php?rest_route=\/wp\/v2\/types\/product"}],"replies":[{"embeddable":true,"href":"https:\/\/telfio.com.br\/index.php?rest_route=%2Fwp%2Fv2%2Fcomments&post=5402"}],"wp:featuredmedia":[{"embeddable":true,"href":"https:\/\/telfio.com.br\/index.php?rest_route=\/wp\/v2\/media\/5403"}],"wp:attachment":[{"href":"https:\/\/telfio.com.br\/index.php?rest_route=%2Fwp%2Fv2%2Fmedia&parent=5402"}],"wp:term":[{"taxonomy":"product_brand","embeddable":true,"href":"https:\/\/telfio.com.br\/index.php?rest_route=%2Fwp%2Fv2%2Fproduct_brand&post=5402"},{"taxonomy":"product_cat","embeddable":true,"href":"https:\/\/telfio.com.br\/index.php?rest_route=%2Fwp%2Fv2%2Fproduct_cat&post=5402"},{"taxonomy":"product_tag","embeddable":true,"href":"https:\/\/telfio.com.br\/index.php?rest_route=%2Fwp%2Fv2%2Fproduct_tag&post=5402"}],"curies":[{"name":"wp","href":"https:\/\/api.w.org\/{rel}","templated":true}]}}