{"id":5397,"date":"2024-10-01T15:25:28","date_gmt":"2024-10-01T18:25:28","guid":{"rendered":"https:\/\/telfio.com.br\/?post_type=product&#038;p=5397"},"modified":"2024-10-01T15:25:28","modified_gmt":"2024-10-01T18:25:28","slug":"cordao-optico-sm-simplex-lc-upc-x-sc-apc","status":"publish","type":"product","link":"https:\/\/telfio.com.br\/?product=cordao-optico-sm-simplex-lc-upc-x-sc-apc","title":{"rendered":"Cord\u00e3o Optico SM Simplex LC UPC x SC APC"},"content":{"rendered":"","protected":false},"excerpt":{"rendered":"<ul>\n<li>Padr\u00f5es: LC-UPC \/ SC-APC ;<\/li>\n<li>Polimento: UPC \/ APC:<\/li>\n<\/ul>\n<p>O cord\u00e3o \u00f3ptico conectorizado em f\u00e1brica para tr\u00e1fego de voz, dados e imagens. \u00c9 testado em laborat\u00f3rio e fornecido com uma fibra, sendo as mesmas constitu\u00eddas por um elemento \u00f3ptico tipo monomodo. O cord\u00e3o \u00f3ptico recebe conectores em ambas extremidades e s\u00e3o utilizados em ambientes internos com aplica\u00e7\u00e3o mais comum em interliga\u00e7\u00e3o de equipamentos \u00f3pticos e acess\u00f3rios de termina\u00e7\u00e3o.<\/p>\n","protected":false},"featured_media":5398,"comment_status":"open","ping_status":"closed","template":"","meta":{"_joinchat":[]},"product_brand":[],"product_cat":[73],"product_tag":[],"class_list":{"0":"post-5397","1":"product","2":"type-product","3":"status-publish","4":"has-post-thumbnail","6":"product_cat-fibra","8":"first","9":"instock","10":"shipping-taxable","11":"product-type-simple"},"_links":{"self":[{"href":"https:\/\/telfio.com.br\/index.php?rest_route=\/wp\/v2\/product\/5397","targetHints":{"allow":["GET"]}}],"collection":[{"href":"https:\/\/telfio.com.br\/index.php?rest_route=\/wp\/v2\/product"}],"about":[{"href":"https:\/\/telfio.com.br\/index.php?rest_route=\/wp\/v2\/types\/product"}],"replies":[{"embeddable":true,"href":"https:\/\/telfio.com.br\/index.php?rest_route=%2Fwp%2Fv2%2Fcomments&post=5397"}],"wp:featuredmedia":[{"embeddable":true,"href":"https:\/\/telfio.com.br\/index.php?rest_route=\/wp\/v2\/media\/5398"}],"wp:attachment":[{"href":"https:\/\/telfio.com.br\/index.php?rest_route=%2Fwp%2Fv2%2Fmedia&parent=5397"}],"wp:term":[{"taxonomy":"product_brand","embeddable":true,"href":"https:\/\/telfio.com.br\/index.php?rest_route=%2Fwp%2Fv2%2Fproduct_brand&post=5397"},{"taxonomy":"product_cat","embeddable":true,"href":"https:\/\/telfio.com.br\/index.php?rest_route=%2Fwp%2Fv2%2Fproduct_cat&post=5397"},{"taxonomy":"product_tag","embeddable":true,"href":"https:\/\/telfio.com.br\/index.php?rest_route=%2Fwp%2Fv2%2Fproduct_tag&post=5397"}],"curies":[{"name":"wp","href":"https:\/\/api.w.org\/{rel}","templated":true}]}}