{"id":5394,"date":"2024-10-01T15:19:38","date_gmt":"2024-10-01T18:19:38","guid":{"rendered":"https:\/\/telfio.com.br\/?post_type=product&#038;p=5394"},"modified":"2024-10-01T15:19:38","modified_gmt":"2024-10-01T18:19:38","slug":"cordao-optico-sm-simplex-sc-apc-x-sc-upc","status":"publish","type":"product","link":"https:\/\/telfio.com.br\/?product=cordao-optico-sm-simplex-sc-apc-x-sc-upc","title":{"rendered":"Cord\u00e3o Optico SM Simplex SC APC x SC UPC"},"content":{"rendered":"","protected":false},"excerpt":{"rendered":"<p>O cord\u00e3o \u00f3ptico SC\/UPC-SC\/APC 2M simplex de uma fibra \u00f3ptica do tipo monomodo com conector SC de polimento UPC em uma ponta e SC de polimento APC em outra. Utilizado para interligar os equipamentos de transmiss\u00e3o ou para interlig\u00e1-los a Distribuidores Internos \u00d3pticos. Com baixa perda de inser\u00e7\u00e3o.<\/p>\n","protected":false},"featured_media":5395,"comment_status":"open","ping_status":"closed","template":"","meta":{"_joinchat":[]},"product_brand":[],"product_cat":[73],"product_tag":[],"class_list":{"0":"post-5394","1":"product","2":"type-product","3":"status-publish","4":"has-post-thumbnail","6":"product_cat-fibra","8":"first","9":"instock","10":"shipping-taxable","11":"product-type-simple"},"_links":{"self":[{"href":"https:\/\/telfio.com.br\/index.php?rest_route=\/wp\/v2\/product\/5394","targetHints":{"allow":["GET"]}}],"collection":[{"href":"https:\/\/telfio.com.br\/index.php?rest_route=\/wp\/v2\/product"}],"about":[{"href":"https:\/\/telfio.com.br\/index.php?rest_route=\/wp\/v2\/types\/product"}],"replies":[{"embeddable":true,"href":"https:\/\/telfio.com.br\/index.php?rest_route=%2Fwp%2Fv2%2Fcomments&post=5394"}],"wp:featuredmedia":[{"embeddable":true,"href":"https:\/\/telfio.com.br\/index.php?rest_route=\/wp\/v2\/media\/5395"}],"wp:attachment":[{"href":"https:\/\/telfio.com.br\/index.php?rest_route=%2Fwp%2Fv2%2Fmedia&parent=5394"}],"wp:term":[{"taxonomy":"product_brand","embeddable":true,"href":"https:\/\/telfio.com.br\/index.php?rest_route=%2Fwp%2Fv2%2Fproduct_brand&post=5394"},{"taxonomy":"product_cat","embeddable":true,"href":"https:\/\/telfio.com.br\/index.php?rest_route=%2Fwp%2Fv2%2Fproduct_cat&post=5394"},{"taxonomy":"product_tag","embeddable":true,"href":"https:\/\/telfio.com.br\/index.php?rest_route=%2Fwp%2Fv2%2Fproduct_tag&post=5394"}],"curies":[{"name":"wp","href":"https:\/\/api.w.org\/{rel}","templated":true}]}}