{"id":5388,"date":"2024-10-01T11:47:29","date_gmt":"2024-10-01T14:47:29","guid":{"rendered":"https:\/\/telfio.com.br\/?post_type=product&#038;p=5388"},"modified":"2025-04-14T16:28:43","modified_gmt":"2025-04-14T19:28:43","slug":"cabo-ctp-apl-50-x-10-pares","status":"publish","type":"product","link":"https:\/\/telfio.com.br\/?product=cabo-ctp-apl-50-x-10-pares","title":{"rendered":"Cabo CTP APL ( EXTERNO)50 DE 10 PARES  \u00c1 200 PARES"},"content":{"rendered":"","protected":false},"excerpt":{"rendered":"<p>Cabo CTP APL DE 10 PARES AT\u00c9 200\u00a0 Pares Telef\u00f4nico Externo Blindado<\/p>\n<p>Cabo Telef\u00f4nico Externo 10 PARES &#8211; CTP APL<br \/>\nBitola dos condutores 0,50mm<br \/>\nConstru\u00e7\u00e3o: Condutores de cobre eletrol\u00edtico, isolados com polietileno, agrupados e<br \/>\nprotegidos por capa APL.<\/p>\n<p>Aplica\u00e7\u00e3o: Indicado preferencialmente para instala\u00e7\u00f5es em redes a\u00e9reas.<br \/>\nNorma Aplic\u00e1vel: SDT 235-320-701.<br \/>\nNBR: 9124.<br \/>\nC\u00f3digo Anatel: 0479-05-2520.<\/p>\n<p>Fabricante Coopersalto<\/p>\n<p>Estrutura do Produto<br \/>\n1 &#8211; Cobertura em Polietileno<br \/>\n2 &#8211; Fita APL<br \/>\n3 &#8211; Enfaixamento N\u00e3o Higrosc\u00f3pico<br \/>\n4 &#8211; Isolamento em Polipropilelo ou Polietileno<br \/>\n5 &#8211; Condutor de Cobre<\/p>\n","protected":false},"featured_media":5202,"comment_status":"open","ping_status":"closed","template":"","meta":{"_joinchat":[]},"product_brand":[],"product_cat":[18],"product_tag":[],"class_list":{"0":"post-5388","1":"product","2":"type-product","3":"status-publish","4":"has-post-thumbnail","6":"product_cat-fios","8":"first","9":"instock","10":"shipping-taxable","11":"product-type-simple"},"_links":{"self":[{"href":"https:\/\/telfio.com.br\/index.php?rest_route=\/wp\/v2\/product\/5388","targetHints":{"allow":["GET"]}}],"collection":[{"href":"https:\/\/telfio.com.br\/index.php?rest_route=\/wp\/v2\/product"}],"about":[{"href":"https:\/\/telfio.com.br\/index.php?rest_route=\/wp\/v2\/types\/product"}],"replies":[{"embeddable":true,"href":"https:\/\/telfio.com.br\/index.php?rest_route=%2Fwp%2Fv2%2Fcomments&post=5388"}],"wp:featuredmedia":[{"embeddable":true,"href":"https:\/\/telfio.com.br\/index.php?rest_route=\/wp\/v2\/media\/5202"}],"wp:attachment":[{"href":"https:\/\/telfio.com.br\/index.php?rest_route=%2Fwp%2Fv2%2Fmedia&parent=5388"}],"wp:term":[{"taxonomy":"product_brand","embeddable":true,"href":"https:\/\/telfio.com.br\/index.php?rest_route=%2Fwp%2Fv2%2Fproduct_brand&post=5388"},{"taxonomy":"product_cat","embeddable":true,"href":"https:\/\/telfio.com.br\/index.php?rest_route=%2Fwp%2Fv2%2Fproduct_cat&post=5388"},{"taxonomy":"product_tag","embeddable":true,"href":"https:\/\/telfio.com.br\/index.php?rest_route=%2Fwp%2Fv2%2Fproduct_tag&post=5388"}],"curies":[{"name":"wp","href":"https:\/\/api.w.org\/{rel}","templated":true}]}}