{"id":5376,"date":"2024-09-30T15:36:52","date_gmt":"2024-09-30T18:36:52","guid":{"rendered":"https:\/\/telfio.com.br\/?post_type=product&#038;p=5376"},"modified":"2024-09-30T15:36:52","modified_gmt":"2024-09-30T18:36:52","slug":"conector-fast-rosca-sc-upc","status":"publish","type":"product","link":"https:\/\/telfio.com.br\/?product=conector-fast-rosca-sc-upc","title":{"rendered":"Conector Fast Rosca SC UPC"},"content":{"rendered":"","protected":false},"excerpt":{"rendered":"<p>O Conector \u00d3ptico com trava e click de rosca SC\/UPC foi desenvolvido para ser utilizado<br \/>\nem campo em cabos Drop Flat (Low Friction) de at\u00e9 3 mm e\/ou Cord\u00f5es \u00d3pticos de 2 a 3<br \/>\nmm em redes FTTH.<\/p>\n<p>F\u00e1cil montagem, n\u00e3o exige nenhuma ferramenta especial, al\u00e9m de ferramentas normais para prepara\u00e7\u00e3o da fibra \u00f3ptica (decapador do cabo, decapador da fibra, gabarito, clivador e componentes de limpeza).<\/p>\n<p><strong>Caracter\u00edsticas T\u00e9cnicas:<\/strong><\/p>\n<ul>\n<li>Conector reutiliz\u00e1vel sem perda de caracter\u00edsticas;<\/li>\n<li>Pr\u00e9-polimento UPC;<\/li>\n<li>Montagem simples e r\u00e1pida;<\/li>\n<li>Tempo de instala\u00e7\u00e3o inferior 3 min;<\/li>\n<li>Baixa Perda de inser\u00e7\u00e3o \u2264 0.3dB;<\/li>\n<li>Perda do retorno: \u2265 \u2013 40dB;<\/li>\n<li>Taxa de reflex\u00e3o: \u2265 45 ~ 53dB;<\/li>\n<li>Temperatura de Opera\u00e7\u00e3o: \u2013 40 ~ +85\u00b0C.<\/li>\n<\/ul>\n","protected":false},"featured_media":5377,"comment_status":"open","ping_status":"closed","template":"","meta":{"_joinchat":[]},"product_brand":[],"product_cat":[73],"product_tag":[],"class_list":{"0":"post-5376","1":"product","2":"type-product","3":"status-publish","4":"has-post-thumbnail","6":"product_cat-fibra","8":"first","9":"instock","10":"shipping-taxable","11":"product-type-simple"},"_links":{"self":[{"href":"https:\/\/telfio.com.br\/index.php?rest_route=\/wp\/v2\/product\/5376","targetHints":{"allow":["GET"]}}],"collection":[{"href":"https:\/\/telfio.com.br\/index.php?rest_route=\/wp\/v2\/product"}],"about":[{"href":"https:\/\/telfio.com.br\/index.php?rest_route=\/wp\/v2\/types\/product"}],"replies":[{"embeddable":true,"href":"https:\/\/telfio.com.br\/index.php?rest_route=%2Fwp%2Fv2%2Fcomments&post=5376"}],"wp:featuredmedia":[{"embeddable":true,"href":"https:\/\/telfio.com.br\/index.php?rest_route=\/wp\/v2\/media\/5377"}],"wp:attachment":[{"href":"https:\/\/telfio.com.br\/index.php?rest_route=%2Fwp%2Fv2%2Fmedia&parent=5376"}],"wp:term":[{"taxonomy":"product_brand","embeddable":true,"href":"https:\/\/telfio.com.br\/index.php?rest_route=%2Fwp%2Fv2%2Fproduct_brand&post=5376"},{"taxonomy":"product_cat","embeddable":true,"href":"https:\/\/telfio.com.br\/index.php?rest_route=%2Fwp%2Fv2%2Fproduct_cat&post=5376"},{"taxonomy":"product_tag","embeddable":true,"href":"https:\/\/telfio.com.br\/index.php?rest_route=%2Fwp%2Fv2%2Fproduct_tag&post=5376"}],"curies":[{"name":"wp","href":"https:\/\/api.w.org\/{rel}","templated":true}]}}